{"id":4035,"date":"2025-09-04T17:03:47","date_gmt":"2025-09-04T15:03:47","guid":{"rendered":"https:\/\/www.tenutacappellina.com\/it\/?post_type=product&#038;p=4035"},"modified":"2026-03-24T12:51:24","modified_gmt":"2026-03-24T11:51:24","slug":"rosato-2024","status":"publish","type":"product","link":"https:\/\/www.tenutacappellina.com\/it\/product\/rosato-2024\/","title":{"rendered":"Rosato | 2024"},"content":{"rendered":"<p>Il nostro Rosato \u00e8 un Ros\u00e9 fresco e beverino, pi\u00f9 simile a un vino francese che a un tradizionale Rosato toscano &#8211; che normalmente sono di pi\u00f9 scuri di colore e pi\u00f9 strutturati. Raccogliamo le uve nell&#8217;ultima settimana di agosto e le pigiamo subito, dopodich\u00e9 vengono fatte fermentare a freddo per 3 settimane, come si farebbe con un vino bianco. Il risultato \u00e8 un Ros\u00e9 incredibilmente fresco e vibrante, con un gran colore, una intrigante acidit\u00e0 ed un tocco aromatico.<\/p>\n","protected":false},"excerpt":{"rendered":"<div class=\"ewa-rteLine\">La nostra selezione di uve Sangiovese, raccolte precocemente e fermentate a freddo, produce un Ros\u00e9 fresco e vibrante, con un bel colore, una fresca acidit\u00e0 e un tocco aromatico.<\/div>\n","protected":false},"featured_media":4225,"comment_status":"closed","ping_status":"closed","template":"","meta":{"_acf_changed":false},"product_brand":[],"product_cat":[29],"product_tag":[59,47],"class_list":{"0":"post-4035","1":"product","2":"type-product","3":"status-publish","4":"has-post-thumbnail","6":"product_cat-igt-indicazione-geografica-tipica","7":"product_tag-four-vintages","8":"product_tag-igt","10":"first","11":"instock","12":"sale","13":"taxable","14":"shipping-taxable","15":"purchasable","16":"product-type-simple"},"acf":[],"_links":{"self":[{"href":"https:\/\/www.tenutacappellina.com\/it\/wp-json\/wp\/v2\/product\/4035","targetHints":{"allow":["GET"]}}],"collection":[{"href":"https:\/\/www.tenutacappellina.com\/it\/wp-json\/wp\/v2\/product"}],"about":[{"href":"https:\/\/www.tenutacappellina.com\/it\/wp-json\/wp\/v2\/types\/product"}],"replies":[{"embeddable":true,"href":"https:\/\/www.tenutacappellina.com\/it\/wp-json\/wp\/v2\/comments?post=4035"}],"wp:featuredmedia":[{"embeddable":true,"href":"https:\/\/www.tenutacappellina.com\/it\/wp-json\/wp\/v2\/media\/4225"}],"wp:attachment":[{"href":"https:\/\/www.tenutacappellina.com\/it\/wp-json\/wp\/v2\/media?parent=4035"}],"wp:term":[{"taxonomy":"product_brand","embeddable":true,"href":"https:\/\/www.tenutacappellina.com\/it\/wp-json\/wp\/v2\/product_brand?post=4035"},{"taxonomy":"product_cat","embeddable":true,"href":"https:\/\/www.tenutacappellina.com\/it\/wp-json\/wp\/v2\/product_cat?post=4035"},{"taxonomy":"product_tag","embeddable":true,"href":"https:\/\/www.tenutacappellina.com\/it\/wp-json\/wp\/v2\/product_tag?post=4035"}],"curies":[{"name":"wp","href":"https:\/\/api.w.org\/{rel}","templated":true}]}}