{"id":3830,"date":"2025-01-23T10:13:12","date_gmt":"2025-01-23T09:13:12","guid":{"rendered":"https:\/\/www.tenutacappellina.com\/it\/?post_type=product&#038;p=3830"},"modified":"2026-03-24T12:46:27","modified_gmt":"2026-03-24T11:46:27","slug":"capo19","status":"publish","type":"product","link":"https:\/\/www.tenutacappellina.com\/it\/en\/product\/capo19\/","title":{"rendered":"Casa Del Capo | 2024"},"content":{"rendered":"<p>La nostra esperienza in vigna aumenta ogni anno, cos\u00ec come il livello di maturazione dei tannini che raggiungiamo. Ci\u00f2 significa anche che ogni anno possiamo osare un po\u2019 di pi\u00f9 in termini di rendimento. Siamo infatti giunti alla conclusione che \u00e8 quasi meglio lasciar sfogare il vigore dei nostri vigneti, piuttosto che ridurlo eccessivamente. Il risultato sono vini pi\u00f9 morbidi, pi\u00f9 facili, pi\u00f9 adatti al gusto del consumatore attuale.<\/p>\n<p>Casa del Capo \u00e8 il nostro &#8220;Super Tuscan&#8221; quotidiano. Meravigliosamente fresco e beverino con un tocco aromatico, la sua caratteristica principale \u00e8 il meraviglioso frutto rosso ciliegia del Sangiovese, ecco perch\u00e9 un bicchiere non \u00e8 mai abbastanza!<\/p>","protected":false},"excerpt":{"rendered":"<p>Casa del Capo \u00e8 il nostro &#8220;Super Tuscan&#8221; quotidiano. Meravigliosamente fresco e beverino con un tocco aromatico, la sua caratteristica principale \u00e8 il meraviglioso frutto rosso ciliegia del Sangiovese, ecco perch\u00e9 1 bicchiere non \u00e8 mai abbastanza! Certificato biologico.<\/p>","protected":false},"featured_media":4224,"comment_status":"closed","ping_status":"closed","template":"","meta":{"_acf_changed":false},"product_brand":[],"product_cat":[54,29],"product_tag":[47],"class_list":{"0":"post-3830","1":"product","2":"type-product","3":"status-publish","4":"has-post-thumbnail","6":"product_cat-ecom-two-vintages","7":"product_cat-igt-indicazione-geografica-tipica","8":"product_tag-igt","10":"first","11":"instock","12":"taxable","13":"shipping-taxable","14":"purchasable","15":"product-type-simple"},"acf":[],"_links":{"self":[{"href":"https:\/\/www.tenutacappellina.com\/it\/en\/wp-json\/wp\/v2\/product\/3830","targetHints":{"allow":["GET"]}}],"collection":[{"href":"https:\/\/www.tenutacappellina.com\/it\/en\/wp-json\/wp\/v2\/product"}],"about":[{"href":"https:\/\/www.tenutacappellina.com\/it\/en\/wp-json\/wp\/v2\/types\/product"}],"replies":[{"embeddable":true,"href":"https:\/\/www.tenutacappellina.com\/it\/en\/wp-json\/wp\/v2\/comments?post=3830"}],"wp:featuredmedia":[{"embeddable":true,"href":"https:\/\/www.tenutacappellina.com\/it\/en\/wp-json\/wp\/v2\/media\/4224"}],"wp:attachment":[{"href":"https:\/\/www.tenutacappellina.com\/it\/en\/wp-json\/wp\/v2\/media?parent=3830"}],"wp:term":[{"taxonomy":"product_brand","embeddable":true,"href":"https:\/\/www.tenutacappellina.com\/it\/en\/wp-json\/wp\/v2\/product_brand?post=3830"},{"taxonomy":"product_cat","embeddable":true,"href":"https:\/\/www.tenutacappellina.com\/it\/en\/wp-json\/wp\/v2\/product_cat?post=3830"},{"taxonomy":"product_tag","embeddable":true,"href":"https:\/\/www.tenutacappellina.com\/it\/en\/wp-json\/wp\/v2\/product_tag?post=3830"}],"curies":[{"name":"wp","href":"https:\/\/api.w.org\/{rel}","templated":true}]}}