{"id":818,"date":"2022-11-11T09:51:01","date_gmt":"2022-11-11T09:51:01","guid":{"rendered":"https:\/\/www.tenutacappellina.com\/it\/?page_id=818"},"modified":"2023-03-09T11:33:41","modified_gmt":"2023-03-09T11:33:41","slug":"le-persone","status":"publish","type":"page","link":"https:\/\/www.tenutacappellina.com\/it\/en\/le-persone\/","title":{"rendered":"The People"},"content":{"rendered":"<div data-elementor-type=\"wp-page\" data-elementor-id=\"818\" class=\"elementor elementor-818\" data-elementor-post-type=\"page\">\n\t\t\t\t\t\t<section class=\"elementor-section elementor-top-section elementor-element elementor-element-816daab elementor-section-boxed elementor-section-height-default elementor-section-height-default\" data-id=\"816daab\" data-element_type=\"section\" data-e-type=\"section\">\n\t\t\t\t\t\t<div class=\"elementor-container elementor-column-gap-default\">\n\t\t\t\t\t<div class=\"elementor-column elementor-col-100 elementor-top-column elementor-element elementor-element-32640d7\" data-id=\"32640d7\" data-element_type=\"column\" data-e-type=\"column\" data-settings=\"{&quot;background_background&quot;:&quot;classic&quot;}\">\n\t\t\t<div class=\"elementor-widget-wrap elementor-element-populated\">\n\t\t\t\t\t<div class=\"elementor-background-overlay\"><\/div>\n\t\t\t\t\t\t<section class=\"elementor-section elementor-inner-section elementor-element elementor-element-cafd8eb elementor-section-boxed elementor-section-height-default elementor-section-height-default\" data-id=\"cafd8eb\" data-element_type=\"section\" data-e-type=\"section\">\n\t\t\t\t\t\t<div class=\"elementor-container elementor-column-gap-default\">\n\t\t\t\t\t<div class=\"elementor-column elementor-col-100 elementor-inner-column elementor-element elementor-element-b553d01\" data-id=\"b553d01\" data-element_type=\"column\" data-e-type=\"column\">\n\t\t\t<div class=\"elementor-widget-wrap elementor-element-populated\">\n\t\t\t\t\t\t<div class=\"elementor-element elementor-element-f57de27 elementor-widget elementor-widget-heading\" data-id=\"f57de27\" data-element_type=\"widget\" data-e-type=\"widget\" data-widget_type=\"heading.default\">\n\t\t\t\t<div class=\"elementor-widget-container\">\n\t\t\t\t\t<h2 class=\"elementor-heading-title elementor-size-default\">THE PEOPLE<\/h2>\t\t\t\t<\/div>\n\t\t\t\t<\/div>\n\t\t\t\t\t<\/div>\n\t\t<\/div>\n\t\t\t\t\t<\/div>\n\t\t<\/section>\n\t\t\t\t\t<\/div>\n\t\t<\/div>\n\t\t\t\t\t<\/div>\n\t\t<\/section>\n\t\t\t\t<section class=\"elementor-section elementor-top-section elementor-element elementor-element-4d78407 elementor-hidden-mobile elementor-section-boxed elementor-section-height-default elementor-section-height-default\" data-id=\"4d78407\" data-element_type=\"section\" data-e-type=\"section\" data-settings=\"{&quot;background_background&quot;:&quot;classic&quot;}\">\n\t\t\t\t\t\t<div class=\"elementor-container elementor-column-gap-default\">\n\t\t\t\t\t<div class=\"elementor-column elementor-col-100 elementor-top-column elementor-element elementor-element-a9bb0c8 elementor-hidden-mobile\" data-id=\"a9bb0c8\" data-element_type=\"column\" data-e-type=\"column\">\n\t\t\t<div class=\"elementor-widget-wrap elementor-element-populated\">\n\t\t\t\t\t\t<div class=\"elementor-element elementor-element-8fb9f3f e-transform e-transform elementor-hidden-mobile e-transform elementor-widget elementor-widget-image\" data-id=\"8fb9f3f\" data-element_type=\"widget\" data-e-type=\"widget\" data-settings=\"{&quot;_transform_translateX_effect_mobile&quot;:{&quot;unit&quot;:&quot;%&quot;,&quot;size&quot;:50,&quot;sizes&quot;:[]},&quot;_transform_scale_effect_mobile&quot;:{&quot;unit&quot;:&quot;px&quot;,&quot;size&quot;:2,&quot;sizes&quot;:[]},&quot;_transform_flipY_effect&quot;:&quot;transform&quot;,&quot;_transform_translateX_effect&quot;:{&quot;unit&quot;:&quot;px&quot;,&quot;size&quot;:&quot;&quot;,&quot;sizes&quot;:[]},&quot;_transform_translateX_effect_tablet&quot;:{&quot;unit&quot;:&quot;px&quot;,&quot;size&quot;:&quot;&quot;,&quot;sizes&quot;:[]},&quot;_transform_translateY_effect&quot;:{&quot;unit&quot;:&quot;px&quot;,&quot;size&quot;:&quot;&quot;,&quot;sizes&quot;:[]},&quot;_transform_translateY_effect_tablet&quot;:{&quot;unit&quot;:&quot;px&quot;,&quot;size&quot;:&quot;&quot;,&quot;sizes&quot;:[]},&quot;_transform_translateY_effect_mobile&quot;:{&quot;unit&quot;:&quot;px&quot;,&quot;size&quot;:&quot;&quot;,&quot;sizes&quot;:[]},&quot;_transform_scale_effect&quot;:{&quot;unit&quot;:&quot;px&quot;,&quot;size&quot;:&quot;&quot;,&quot;sizes&quot;:[]},&quot;_transform_scale_effect_tablet&quot;:{&quot;unit&quot;:&quot;px&quot;,&quot;size&quot;:&quot;&quot;,&quot;sizes&quot;:[]}}\" data-widget_type=\"image.default\">\n\t\t\t\t<div class=\"elementor-widget-container\">\n\t\t\t\t\t\t\t\t\t\t\t\t\t\t\t<img fetchpriority=\"high\" decoding=\"async\" width=\"1920\" height=\"486\" src=\"https:\/\/www.tenutacappellina.com\/it\/wp-content\/uploads\/2022\/11\/Tenuta-Cappellina_tear.png\" class=\"attachment-full size-full wp-image-2269\" alt=\"\" srcset=\"https:\/\/www.tenutacappellina.com\/it\/wp-content\/uploads\/2022\/11\/Tenuta-Cappellina_tear.png 1920w, https:\/\/www.tenutacappellina.com\/it\/wp-content\/uploads\/2022\/11\/Tenuta-Cappellina_tear-300x76.png 300w, https:\/\/www.tenutacappellina.com\/it\/wp-content\/uploads\/2022\/11\/Tenuta-Cappellina_tear-1024x259.png 1024w, https:\/\/www.tenutacappellina.com\/it\/wp-content\/uploads\/2022\/11\/Tenuta-Cappellina_tear-768x194.png 768w, https:\/\/www.tenutacappellina.com\/it\/wp-content\/uploads\/2022\/11\/Tenuta-Cappellina_tear-1536x389.png 1536w, https:\/\/www.tenutacappellina.com\/it\/wp-content\/uploads\/2022\/11\/Tenuta-Cappellina_tear-100x25.png 100w\" sizes=\"(max-width: 1920px) 100vw, 1920px\" \/>\t\t\t\t\t\t\t\t\t\t\t\t\t\t\t<\/div>\n\t\t\t\t<\/div>\n\t\t\t\t\t<\/div>\n\t\t<\/div>\n\t\t\t\t\t<\/div>\n\t\t<\/section>\n\t\t\t\t<section class=\"elementor-section elementor-top-section elementor-element elementor-element-ecfa841 elementor-section-boxed elementor-section-height-default elementor-section-height-default\" data-id=\"ecfa841\" data-element_type=\"section\" data-e-type=\"section\">\n\t\t\t\t\t\t<div class=\"elementor-container elementor-column-gap-default\">\n\t\t\t\t\t<div class=\"elementor-column elementor-col-100 elementor-top-column elementor-element elementor-element-0a64106\" data-id=\"0a64106\" data-element_type=\"column\" data-e-type=\"column\" data-settings=\"{&quot;background_background&quot;:&quot;classic&quot;}\">\n\t\t\t<div class=\"elementor-widget-wrap elementor-element-populated\">\n\t\t\t\t\t\t<section class=\"elementor-section elementor-inner-section elementor-element elementor-element-47043cd elementor-section-content-middle elementor-section-boxed elementor-section-height-default elementor-section-height-default\" data-id=\"47043cd\" data-element_type=\"section\" data-e-type=\"section\">\n\t\t\t\t\t\t<div class=\"elementor-container elementor-column-gap-default\">\n\t\t\t\t\t<div class=\"elementor-column elementor-col-50 elementor-inner-column elementor-element elementor-element-25e7759\" data-id=\"25e7759\" data-element_type=\"column\" data-e-type=\"column\">\n\t\t\t<div class=\"elementor-widget-wrap elementor-element-populated\">\n\t\t\t\t\t\t<div class=\"elementor-element elementor-element-f0c63bb elementor-widget elementor-widget-heading\" data-id=\"f0c63bb\" data-element_type=\"widget\" data-e-type=\"widget\" data-widget_type=\"heading.default\">\n\t\t\t\t<div class=\"elementor-widget-container\">\n\t\t\t\t\t<h2 class=\"elementor-heading-title elementor-size-default\">ATILLIO PAGLI<\/h2>\t\t\t\t<\/div>\n\t\t\t\t<\/div>\n\t\t\t\t<div class=\"elementor-element elementor-element-dd5e1d3 elementor-widget elementor-widget-text-editor\" data-id=\"dd5e1d3\" data-element_type=\"widget\" data-e-type=\"widget\" data-widget_type=\"text-editor.default\">\n\t\t\t\t<div class=\"elementor-widget-container\">\n\t\t\t\t\t\t\t\t\t<p>One of the world\u2019s most prestigious consulting winemakers, Attilio works throughout Italy, as well as South America, and is featured in Decanter Magazine\u2019s list of the world\u2019s best winemakers \u2013 as judged by their peers.<\/p><p>As fascinating as the individual he creates, Attilio has an original vision of his work and a clear and coherent philosophy that has guided him towards the creation of some of the world's famous 100-point wines.<br \/>\u201cI am not a celebrity, I am just someone who works in agriculture like everyone else; but I have been lucky enough to have the eyes, the nostrils and the palate that know how to recognize a great wine.<\/p><p>The most important thing is the vineyard: it is what gives vision and continuity. And that is why understanding and respecting the terroir is the most important attribute for anyone who wants to do this job. Wine must be a testimonial of its origins and its connection with its terroir, which is the sum of the climate, the soil, the people and the culture of a given territory.<\/p><p>Grapes have unique personalities and each one must be interpreted differently. My job is to ruin as little as possible of the raw materials that nature offers me, putting into the bottle as much of the fruit's potential as possible.<\/p><p>Attention to detail is equally fundamental, because in every vintage it is the little things that make the difference between a good wine and a great wine.\u201d<\/p>\t\t\t\t\t\t\t\t<\/div>\n\t\t\t\t<\/div>\n\t\t\t\t\t<\/div>\n\t\t<\/div>\n\t\t\t\t<div class=\"elementor-column elementor-col-50 elementor-inner-column elementor-element elementor-element-412ce0b\" data-id=\"412ce0b\" data-element_type=\"column\" data-e-type=\"column\">\n\t\t\t<div class=\"elementor-widget-wrap elementor-element-populated\">\n\t\t\t\t\t\t<div class=\"elementor-element elementor-element-2ec6f80 elementor-widget elementor-widget-image\" data-id=\"2ec6f80\" data-element_type=\"widget\" data-e-type=\"widget\" data-widget_type=\"image.default\">\n\t\t\t\t<div class=\"elementor-widget-container\">\n\t\t\t\t\t\t\t\t\t\t\t\t\t\t\t<img decoding=\"async\" width=\"1100\" height=\"1415\" src=\"https:\/\/www.tenutacappellina.com\/it\/wp-content\/uploads\/2022\/11\/attiliobio-1.jpeg\" class=\"attachment-full size-full wp-image-1054\" alt=\"\" srcset=\"https:\/\/www.tenutacappellina.com\/it\/wp-content\/uploads\/2022\/11\/attiliobio-1.jpeg 1100w, https:\/\/www.tenutacappellina.com\/it\/wp-content\/uploads\/2022\/11\/attiliobio-1-100x129.jpeg 100w, https:\/\/www.tenutacappellina.com\/it\/wp-content\/uploads\/2022\/11\/attiliobio-1-233x300.jpeg 233w, https:\/\/www.tenutacappellina.com\/it\/wp-content\/uploads\/2022\/11\/attiliobio-1-796x1024.jpeg 796w, https:\/\/www.tenutacappellina.com\/it\/wp-content\/uploads\/2022\/11\/attiliobio-1-768x988.jpeg 768w\" sizes=\"(max-width: 1100px) 100vw, 1100px\" \/>\t\t\t\t\t\t\t\t\t\t\t\t\t\t\t<\/div>\n\t\t\t\t<\/div>\n\t\t\t\t\t<\/div>\n\t\t<\/div>\n\t\t\t\t\t<\/div>\n\t\t<\/section>\n\t\t\t\t\t<\/div>\n\t\t<\/div>\n\t\t\t\t\t<\/div>\n\t\t<\/section>\n\t\t\t\t<section class=\"elementor-section elementor-top-section elementor-element elementor-element-ecd8202 elementor-hidden-mobile elementor-section-boxed elementor-section-height-default elementor-section-height-default\" data-id=\"ecd8202\" data-element_type=\"section\" data-e-type=\"section\" data-settings=\"{&quot;background_background&quot;:&quot;classic&quot;}\">\n\t\t\t\t\t\t<div class=\"elementor-container elementor-column-gap-default\">\n\t\t\t\t\t<div class=\"elementor-column elementor-col-100 elementor-top-column elementor-element elementor-element-d9e5776 elementor-hidden-mobile\" data-id=\"d9e5776\" data-element_type=\"column\" data-e-type=\"column\">\n\t\t\t<div class=\"elementor-widget-wrap elementor-element-populated\">\n\t\t\t\t\t\t<div class=\"elementor-element elementor-element-1ccfba1 e-transform e-transform elementor-hidden-mobile elementor-widget elementor-widget-image\" data-id=\"1ccfba1\" data-element_type=\"widget\" data-e-type=\"widget\" data-settings=\"{&quot;_transform_translateX_effect_mobile&quot;:{&quot;unit&quot;:&quot;%&quot;,&quot;size&quot;:50,&quot;sizes&quot;:[]},&quot;_transform_scale_effect_mobile&quot;:{&quot;unit&quot;:&quot;px&quot;,&quot;size&quot;:2,&quot;sizes&quot;:[]},&quot;_transform_translateX_effect&quot;:{&quot;unit&quot;:&quot;px&quot;,&quot;size&quot;:&quot;&quot;,&quot;sizes&quot;:[]},&quot;_transform_translateX_effect_tablet&quot;:{&quot;unit&quot;:&quot;px&quot;,&quot;size&quot;:&quot;&quot;,&quot;sizes&quot;:[]},&quot;_transform_translateY_effect&quot;:{&quot;unit&quot;:&quot;px&quot;,&quot;size&quot;:&quot;&quot;,&quot;sizes&quot;:[]},&quot;_transform_translateY_effect_tablet&quot;:{&quot;unit&quot;:&quot;px&quot;,&quot;size&quot;:&quot;&quot;,&quot;sizes&quot;:[]},&quot;_transform_translateY_effect_mobile&quot;:{&quot;unit&quot;:&quot;px&quot;,&quot;size&quot;:&quot;&quot;,&quot;sizes&quot;:[]},&quot;_transform_scale_effect&quot;:{&quot;unit&quot;:&quot;px&quot;,&quot;size&quot;:&quot;&quot;,&quot;sizes&quot;:[]},&quot;_transform_scale_effect_tablet&quot;:{&quot;unit&quot;:&quot;px&quot;,&quot;size&quot;:&quot;&quot;,&quot;sizes&quot;:[]}}\" data-widget_type=\"image.default\">\n\t\t\t\t<div class=\"elementor-widget-container\">\n\t\t\t\t\t\t\t\t\t\t\t\t\t\t\t<img fetchpriority=\"high\" decoding=\"async\" width=\"1920\" height=\"486\" src=\"https:\/\/www.tenutacappellina.com\/it\/wp-content\/uploads\/2022\/11\/Tenuta-Cappellina_tear.png\" class=\"attachment-full size-full wp-image-2269\" alt=\"\" srcset=\"https:\/\/www.tenutacappellina.com\/it\/wp-content\/uploads\/2022\/11\/Tenuta-Cappellina_tear.png 1920w, https:\/\/www.tenutacappellina.com\/it\/wp-content\/uploads\/2022\/11\/Tenuta-Cappellina_tear-300x76.png 300w, https:\/\/www.tenutacappellina.com\/it\/wp-content\/uploads\/2022\/11\/Tenuta-Cappellina_tear-1024x259.png 1024w, https:\/\/www.tenutacappellina.com\/it\/wp-content\/uploads\/2022\/11\/Tenuta-Cappellina_tear-768x194.png 768w, https:\/\/www.tenutacappellina.com\/it\/wp-content\/uploads\/2022\/11\/Tenuta-Cappellina_tear-1536x389.png 1536w, https:\/\/www.tenutacappellina.com\/it\/wp-content\/uploads\/2022\/11\/Tenuta-Cappellina_tear-100x25.png 100w\" sizes=\"(max-width: 1920px) 100vw, 1920px\" \/>\t\t\t\t\t\t\t\t\t\t\t\t\t\t\t<\/div>\n\t\t\t\t<\/div>\n\t\t\t\t\t<\/div>\n\t\t<\/div>\n\t\t\t\t\t<\/div>\n\t\t<\/section>\n\t\t\t\t<section class=\"elementor-section elementor-top-section elementor-element elementor-element-5b12ef7 elementor-section-boxed elementor-section-height-default elementor-section-height-default\" data-id=\"5b12ef7\" data-element_type=\"section\" data-e-type=\"section\">\n\t\t\t\t\t\t<div class=\"elementor-container elementor-column-gap-default\">\n\t\t\t\t\t<div class=\"elementor-column elementor-col-100 elementor-top-column elementor-element elementor-element-c4ca1ce\" data-id=\"c4ca1ce\" data-element_type=\"column\" data-e-type=\"column\">\n\t\t\t<div class=\"elementor-widget-wrap elementor-element-populated\">\n\t\t\t\t\t\t<section class=\"elementor-section elementor-inner-section elementor-element elementor-element-d1afe9f elementor-section-content-middle elementor-reverse-mobile elementor-section-boxed elementor-section-height-default elementor-section-height-default\" data-id=\"d1afe9f\" data-element_type=\"section\" data-e-type=\"section\">\n\t\t\t\t\t\t<div class=\"elementor-container elementor-column-gap-default\">\n\t\t\t\t\t<div class=\"elementor-column elementor-col-50 elementor-inner-column elementor-element elementor-element-7ff5dbd\" data-id=\"7ff5dbd\" data-element_type=\"column\" data-e-type=\"column\">\n\t\t\t<div class=\"elementor-widget-wrap elementor-element-populated\">\n\t\t\t\t\t\t<div class=\"elementor-element elementor-element-565abda elementor-widget elementor-widget-image\" data-id=\"565abda\" data-element_type=\"widget\" data-e-type=\"widget\" data-widget_type=\"image.default\">\n\t\t\t\t<div class=\"elementor-widget-container\">\n\t\t\t\t\t\t\t\t\t\t\t\t\t\t\t<img decoding=\"async\" width=\"800\" height=\"594\" src=\"https:\/\/www.tenutacappellina.com\/it\/wp-content\/uploads\/2022\/11\/alex-colour-1024x760.jpg\" class=\"attachment-large size-large wp-image-1168\" alt=\"Alex Burge\" srcset=\"https:\/\/www.tenutacappellina.com\/it\/wp-content\/uploads\/2022\/11\/alex-colour-1024x760.jpg 1024w, https:\/\/www.tenutacappellina.com\/it\/wp-content\/uploads\/2022\/11\/alex-colour-100x74.jpg 100w, https:\/\/www.tenutacappellina.com\/it\/wp-content\/uploads\/2022\/11\/alex-colour-300x223.jpg 300w, https:\/\/www.tenutacappellina.com\/it\/wp-content\/uploads\/2022\/11\/alex-colour-768x570.jpg 768w, https:\/\/www.tenutacappellina.com\/it\/wp-content\/uploads\/2022\/11\/alex-colour.jpg 1280w\" sizes=\"(max-width: 800px) 100vw, 800px\" \/>\t\t\t\t\t\t\t\t\t\t\t\t\t\t\t<\/div>\n\t\t\t\t<\/div>\n\t\t\t\t\t<\/div>\n\t\t<\/div>\n\t\t\t\t<div class=\"elementor-column elementor-col-50 elementor-inner-column elementor-element elementor-element-6d45df2\" data-id=\"6d45df2\" data-element_type=\"column\" data-e-type=\"column\">\n\t\t\t<div class=\"elementor-widget-wrap elementor-element-populated\">\n\t\t\t\t\t\t<div class=\"elementor-element elementor-element-3850477 elementor-widget elementor-widget-heading\" data-id=\"3850477\" data-element_type=\"widget\" data-e-type=\"widget\" data-widget_type=\"heading.default\">\n\t\t\t\t<div class=\"elementor-widget-container\">\n\t\t\t\t\t<h2 class=\"elementor-heading-title elementor-size-default\">ALEX BURGE<\/h2>\t\t\t\t<\/div>\n\t\t\t\t<\/div>\n\t\t\t\t<div class=\"elementor-element elementor-element-08e0354 elementor-widget elementor-widget-text-editor\" data-id=\"08e0354\" data-element_type=\"widget\" data-e-type=\"widget\" data-widget_type=\"text-editor.default\">\n\t\t\t\t<div class=\"elementor-widget-container\">\n\t\t\t\t\t\t\t\t\t<p>Alex Burge is the CEO of Tenuta Cappellina and the man with the vision to convert Tenuta Cappellina into a sustainable, organic and award-winning winery. Alex has the distinction of being bilingual, with perfect knowledge of Italian and English, which is no surprise when you discover he is a product of English and Dutch parents, having grown up in Sicily, before returning to the UK to study at Cambridge.<\/p><p>His career then took him to Bordeaux, where he worked in the wine industry for several years as a Negociant, dealing with many of the top wine brands, before returning to his native Italy to head the sales and marketing departments at a number of well-known wineries.<\/p><p>Such a passion for wine eventually leads you to want to feel the grapes between your fingers, and the opportunity to direct a new project was too irresistible for Alex, who for the last decade has dedicated his life to the development of Tenuta Cappellina and its wines.<\/p>\t\t\t\t\t\t\t\t<\/div>\n\t\t\t\t<\/div>\n\t\t\t\t\t<\/div>\n\t\t<\/div>\n\t\t\t\t\t<\/div>\n\t\t<\/section>\n\t\t\t\t\t<\/div>\n\t\t<\/div>\n\t\t\t\t\t<\/div>\n\t\t<\/section>\n\t\t\t\t<\/div>","protected":false},"excerpt":{"rendered":"<p>LE PERSONE ATILLIO PAGLI Uno dei pi\u00f9 prestigiosi enologi di consulenza al mondo, Attilio lavora in tutta Italia, cos\u00ec come in Sud America, ed \u00e8 presente nell&#8217;elenco di Decanter Magazine dei migliori produttori di vino del mondo &#8211; come giudicato dai loro colleghi. Affascinante come individuo come i vini che crea, Attilio ha una visione [&hellip;]<\/p>\n","protected":false},"author":1,"featured_media":0,"parent":0,"menu_order":0,"comment_status":"closed","ping_status":"closed","template":"","meta":{"_acf_changed":false,"footnotes":""},"class_list":["post-818","page","type-page","status-publish","hentry"],"acf":[],"_links":{"self":[{"href":"https:\/\/www.tenutacappellina.com\/it\/en\/wp-json\/wp\/v2\/pages\/818","targetHints":{"allow":["GET"]}}],"collection":[{"href":"https:\/\/www.tenutacappellina.com\/it\/en\/wp-json\/wp\/v2\/pages"}],"about":[{"href":"https:\/\/www.tenutacappellina.com\/it\/en\/wp-json\/wp\/v2\/types\/page"}],"author":[{"embeddable":true,"href":"https:\/\/www.tenutacappellina.com\/it\/en\/wp-json\/wp\/v2\/users\/1"}],"replies":[{"embeddable":true,"href":"https:\/\/www.tenutacappellina.com\/it\/en\/wp-json\/wp\/v2\/comments?post=818"}],"version-history":[{"count":91,"href":"https:\/\/www.tenutacappellina.com\/it\/en\/wp-json\/wp\/v2\/pages\/818\/revisions"}],"predecessor-version":[{"id":3359,"href":"https:\/\/www.tenutacappellina.com\/it\/en\/wp-json\/wp\/v2\/pages\/818\/revisions\/3359"}],"wp:attachment":[{"href":"https:\/\/www.tenutacappellina.com\/it\/en\/wp-json\/wp\/v2\/media?parent=818"}],"curies":[{"name":"wp","href":"https:\/\/api.w.org\/{rel}","templated":true}]}}