{"id":4504,"date":"2025-08-28T08:45:13","date_gmt":"2025-08-28T06:45:13","guid":{"rendered":"https:\/\/www.tenutacappellina.com\/eu\/?post_type=product&#038;p=4504"},"modified":"2025-08-28T09:05:02","modified_gmt":"2025-08-28T07:05:02","slug":"chianti-classico-riserva-2020","status":"publish","type":"product","link":"https:\/\/www.tenutacappellina.com\/eu\/product\/chianti-classico-riserva-2020\/","title":{"rendered":"Chianti Classico Riserva | 2020"},"content":{"rendered":"<p>Unsere Arbeit in den Weinbergen hat zu immer weicheren und seidigeren Tanninen gef\u00fchrt, und durch die sorgf\u00e4ltige Auswahl unserer besten Trauben und die 30-monatige Reifung in slawonischen Eichenf\u00e4ssern zeigt unser Sangiovese nun den Charakter, den wir immer gesucht haben: fruchtbetonte Weine, sanft, kraftvoll, aromatisch, salzig. Unsere Lage an der warmen S\u00fcdspitze der Chianti Classico-Region bringt kr\u00e4ftige und intensive Fr\u00fcchte hervor, die in diesem perfekt abgerundeten Chianti Classico Reserva zur Geltung kommen. Bio-zertifiziert.<\/p>\n","protected":false},"excerpt":{"rendered":"<p>Unsere Lage an der warmen S\u00fcdspitze der Chianti Classico-Region bringt kr\u00e4ftige und intensive Fr\u00fcchte hervor, die wir von Hand ausw\u00e4hlen, um diesen perfekt abgerundeten Chianti Classico-Reservat herzustellen.<\/p>\n","protected":false},"featured_media":4134,"comment_status":"open","ping_status":"closed","template":"","meta":{"_acf_changed":false},"product_brand":[],"product_cat":[28,48],"product_tag":[46],"class_list":{"0":"post-4504","1":"product","2":"type-product","3":"status-publish","4":"has-post-thumbnail","6":"product_cat-chianti-classico-docg-collection","7":"product_cat-has-variants","8":"product_tag-chianti","10":"first","11":"instock","12":"taxable","13":"shipping-taxable","14":"purchasable","15":"product-type-simple"},"acf":[],"_links":{"self":[{"href":"https:\/\/www.tenutacappellina.com\/eu\/wp-json\/wp\/v2\/product\/4504","targetHints":{"allow":["GET"]}}],"collection":[{"href":"https:\/\/www.tenutacappellina.com\/eu\/wp-json\/wp\/v2\/product"}],"about":[{"href":"https:\/\/www.tenutacappellina.com\/eu\/wp-json\/wp\/v2\/types\/product"}],"replies":[{"embeddable":true,"href":"https:\/\/www.tenutacappellina.com\/eu\/wp-json\/wp\/v2\/comments?post=4504"}],"wp:featuredmedia":[{"embeddable":true,"href":"https:\/\/www.tenutacappellina.com\/eu\/wp-json\/wp\/v2\/media\/4134"}],"wp:attachment":[{"href":"https:\/\/www.tenutacappellina.com\/eu\/wp-json\/wp\/v2\/media?parent=4504"}],"wp:term":[{"taxonomy":"product_brand","embeddable":true,"href":"https:\/\/www.tenutacappellina.com\/eu\/wp-json\/wp\/v2\/product_brand?post=4504"},{"taxonomy":"product_cat","embeddable":true,"href":"https:\/\/www.tenutacappellina.com\/eu\/wp-json\/wp\/v2\/product_cat?post=4504"},{"taxonomy":"product_tag","embeddable":true,"href":"https:\/\/www.tenutacappellina.com\/eu\/wp-json\/wp\/v2\/product_tag?post=4504"}],"curies":[{"name":"wp","href":"https:\/\/api.w.org\/{rel}","templated":true}]}}