{"id":4138,"date":"2024-06-13T14:28:15","date_gmt":"2024-06-13T12:28:15","guid":{"rendered":"https:\/\/www.tenutacappellina.com\/eu\/?post_type=product&#038;p=4138"},"modified":"2025-08-28T14:42:19","modified_gmt":"2025-08-28T12:42:19","slug":"dianne-2018","status":"publish","type":"product","link":"https:\/\/www.tenutacappellina.com\/eu\/product\/dianne-2018\/","title":{"rendered":"Dianne | 2018"},"content":{"rendered":"<p>Aus der Erfahrung unseres Projekts k\u00f6nnen wir sagen, dass eine der angenehmsten \u00dcberraschungen der Cabernet Sauvignon war, der auf frischem Galestro-Boden (Ton und Kalkstein) mit Ostausrichtung gepflanzt wurde. Jedes Jahr beschert uns dieser Weinberg fantastische Trauben mit kleinen, gleichm\u00e4\u00dfigen Trauben und hervorragenden reifen Tanninen, ohne jemals gr\u00fcne oder kr\u00e4uterige Noten zu zeigen.<\/p>\n","protected":false},"excerpt":{"rendered":"<p>Dieser Wein, auf der Basis von Cabinet Sauvignon, hat sich im Laufe der Zeit zu einem festen Favoriten unserer G\u00e4ste im Borgo Argiano entwickelt. Die dichten Schalen der Cabernet-Trauben ergeben dunkle, frische, strukturierte Weine, die intensiv und voller Geschmack sind.<\/p>\n","protected":false},"featured_media":4133,"comment_status":"open","ping_status":"closed","template":"","meta":{"_acf_changed":false},"product_brand":[],"product_cat":[29],"product_tag":[47],"class_list":{"0":"post-4138","1":"product","2":"type-product","3":"status-publish","4":"has-post-thumbnail","6":"product_cat-igt-indicazione-geografica-tipica","7":"product_tag-igt","9":"first","10":"instock","11":"taxable","12":"shipping-taxable","13":"purchasable","14":"product-type-simple"},"acf":[],"_links":{"self":[{"href":"https:\/\/www.tenutacappellina.com\/eu\/wp-json\/wp\/v2\/product\/4138","targetHints":{"allow":["GET"]}}],"collection":[{"href":"https:\/\/www.tenutacappellina.com\/eu\/wp-json\/wp\/v2\/product"}],"about":[{"href":"https:\/\/www.tenutacappellina.com\/eu\/wp-json\/wp\/v2\/types\/product"}],"replies":[{"embeddable":true,"href":"https:\/\/www.tenutacappellina.com\/eu\/wp-json\/wp\/v2\/comments?post=4138"}],"wp:featuredmedia":[{"embeddable":true,"href":"https:\/\/www.tenutacappellina.com\/eu\/wp-json\/wp\/v2\/media\/4133"}],"wp:attachment":[{"href":"https:\/\/www.tenutacappellina.com\/eu\/wp-json\/wp\/v2\/media?parent=4138"}],"wp:term":[{"taxonomy":"product_brand","embeddable":true,"href":"https:\/\/www.tenutacappellina.com\/eu\/wp-json\/wp\/v2\/product_brand?post=4138"},{"taxonomy":"product_cat","embeddable":true,"href":"https:\/\/www.tenutacappellina.com\/eu\/wp-json\/wp\/v2\/product_cat?post=4138"},{"taxonomy":"product_tag","embeddable":true,"href":"https:\/\/www.tenutacappellina.com\/eu\/wp-json\/wp\/v2\/product_tag?post=4138"}],"curies":[{"name":"wp","href":"https:\/\/api.w.org\/{rel}","templated":true}]}}