{"id":4127,"date":"2024-06-13T12:01:42","date_gmt":"2024-06-13T10:01:42","guid":{"rendered":"https:\/\/www.tenutacappellina.com\/eu\/?post_type=product&#038;p=4127"},"modified":"2025-12-22T20:34:31","modified_gmt":"2025-12-22T19:34:31","slug":"rosato-2023","status":"publish","type":"product","link":"https:\/\/www.tenutacappellina.com\/eu\/product\/rosato-2023\/","title":{"rendered":"Toscana Rosato Indicanzione Tipica | 2024"},"content":{"rendered":"<p>Unser Rosato ist ein frischer, trinkbarer Ros\u00e9, der eher einem franz\u00f6sischen Wein \u00e4hnelt als einem traditionellen toskanischen Rosato \u2013 der normalerweise eine dunklere Farbe und eine schwerere Struktur hat. Wir pfl\u00fccken die Trauben in der letzten Augustwoche und keltern sie sofort. Anschlie\u00dfend werden sie, wie ein Wei\u00dfwein, drei Wochen lang kalt vergoren. Das Ergebnis ist ein unglaublich frischer und lebendiger Ros\u00e9 mit toller Farbe, knackiger S\u00e4ure und einer aromatischen Note.<\/p>\n","protected":false},"excerpt":{"rendered":"<p>Unsere Auswahl an Sangiovese-Trauben, fr\u00fch gepfl\u00fcckt und kalt vergoren, ergibt einen frischen und lebendigen Ros\u00e9 mit toller Farbe, knackiger S\u00e4ure und einer aromatischen Note. Bio-zertifiziert.<\/p>\n","protected":false},"featured_media":4502,"comment_status":"open","ping_status":"closed","template":"","meta":{"_acf_changed":false},"product_brand":[],"product_cat":[29],"product_tag":[47],"class_list":{"0":"post-4127","1":"product","2":"type-product","3":"status-publish","4":"has-post-thumbnail","6":"product_cat-igt-indicazione-geografica-tipica","7":"product_tag-igt","9":"first","10":"instock","11":"taxable","12":"shipping-taxable","13":"purchasable","14":"product-type-simple"},"acf":[],"_links":{"self":[{"href":"https:\/\/www.tenutacappellina.com\/eu\/wp-json\/wp\/v2\/product\/4127","targetHints":{"allow":["GET"]}}],"collection":[{"href":"https:\/\/www.tenutacappellina.com\/eu\/wp-json\/wp\/v2\/product"}],"about":[{"href":"https:\/\/www.tenutacappellina.com\/eu\/wp-json\/wp\/v2\/types\/product"}],"replies":[{"embeddable":true,"href":"https:\/\/www.tenutacappellina.com\/eu\/wp-json\/wp\/v2\/comments?post=4127"}],"wp:featuredmedia":[{"embeddable":true,"href":"https:\/\/www.tenutacappellina.com\/eu\/wp-json\/wp\/v2\/media\/4502"}],"wp:attachment":[{"href":"https:\/\/www.tenutacappellina.com\/eu\/wp-json\/wp\/v2\/media?parent=4127"}],"wp:term":[{"taxonomy":"product_brand","embeddable":true,"href":"https:\/\/www.tenutacappellina.com\/eu\/wp-json\/wp\/v2\/product_brand?post=4127"},{"taxonomy":"product_cat","embeddable":true,"href":"https:\/\/www.tenutacappellina.com\/eu\/wp-json\/wp\/v2\/product_cat?post=4127"},{"taxonomy":"product_tag","embeddable":true,"href":"https:\/\/www.tenutacappellina.com\/eu\/wp-json\/wp\/v2\/product_tag?post=4127"}],"curies":[{"name":"wp","href":"https:\/\/api.w.org\/{rel}","templated":true}]}}