{"id":3879,"date":"2023-11-30T16:58:20","date_gmt":"2023-11-30T15:58:20","guid":{"rendered":"https:\/\/www.tenutacappellina.com\/eu\/?post_type=product&#038;p=3879"},"modified":"2025-12-22T20:34:31","modified_gmt":"2025-12-22T19:34:31","slug":"caso-del-capo-2019","status":"publish","type":"product","link":"https:\/\/www.tenutacappellina.com\/eu\/product\/caso-del-capo-2019\/","title":{"rendered":"Caso Del Capo | 2019"},"content":{"rendered":"<p>Unsere Erfahrung in den Weinbergen w\u00e4chst von Jahr zu Jahr, ebenso wie der Reifegrad der Tannine, den wir erreichen. Das bedeutet auch, dass wir uns in puncto Ertrag jedes Jahr etwas mehr trauen k\u00f6nnen. Tats\u00e4chlich sind wir zu dem Schluss gekommen, dass es fast besser ist, der Vitalit\u00e4t in unseren Weinbergen freien Lauf zu lassen, als sie \u00fcberm\u00e4\u00dfig einzuschr\u00e4nken. Das Ergebnis sind weichere, leichtere Weine, die besser zum aktuellen Verbrauchergeschmack passen. Casa del Capo ist unser allt\u00e4glicher &#8222;Super Tuscan\u201c. Wunderbar frisch mit einer aromatischen Note. Sein Hauptmerkmal ist die wunderbare Sangiovese-Rotkirschfrucht.<\/p>\n","protected":false},"excerpt":{"rendered":"<p>Casa del Capo ist unser allt\u00e4glicher &#8222;Super Tuscan\u201c. Wunderbar frisch und s\u00fcffig mit einer aromatischen Note. Sein Hauptmerkmal ist die wunderbare Sangiovese-Rotkirschfrucht. Bio-zertifiziert.<\/p>\n","protected":false},"featured_media":3913,"comment_status":"open","ping_status":"closed","template":"","meta":{"_acf_changed":false},"product_brand":[],"product_cat":[29],"product_tag":[47],"class_list":{"0":"post-3879","1":"product","2":"type-product","3":"status-publish","4":"has-post-thumbnail","6":"product_cat-igt-indicazione-geografica-tipica","7":"product_tag-igt","9":"first","10":"instock","11":"taxable","12":"shipping-taxable","13":"purchasable","14":"product-type-simple"},"acf":[],"_links":{"self":[{"href":"https:\/\/www.tenutacappellina.com\/eu\/wp-json\/wp\/v2\/product\/3879","targetHints":{"allow":["GET"]}}],"collection":[{"href":"https:\/\/www.tenutacappellina.com\/eu\/wp-json\/wp\/v2\/product"}],"about":[{"href":"https:\/\/www.tenutacappellina.com\/eu\/wp-json\/wp\/v2\/types\/product"}],"replies":[{"embeddable":true,"href":"https:\/\/www.tenutacappellina.com\/eu\/wp-json\/wp\/v2\/comments?post=3879"}],"wp:featuredmedia":[{"embeddable":true,"href":"https:\/\/www.tenutacappellina.com\/eu\/wp-json\/wp\/v2\/media\/3913"}],"wp:attachment":[{"href":"https:\/\/www.tenutacappellina.com\/eu\/wp-json\/wp\/v2\/media?parent=3879"}],"wp:term":[{"taxonomy":"product_brand","embeddable":true,"href":"https:\/\/www.tenutacappellina.com\/eu\/wp-json\/wp\/v2\/product_brand?post=3879"},{"taxonomy":"product_cat","embeddable":true,"href":"https:\/\/www.tenutacappellina.com\/eu\/wp-json\/wp\/v2\/product_cat?post=3879"},{"taxonomy":"product_tag","embeddable":true,"href":"https:\/\/www.tenutacappellina.com\/eu\/wp-json\/wp\/v2\/product_tag?post=3879"}],"curies":[{"name":"wp","href":"https:\/\/api.w.org\/{rel}","templated":true}]}}