{"id":1225,"date":"2022-11-14T10:44:09","date_gmt":"2022-11-14T10:44:09","guid":{"rendered":"https:\/\/www.tenutacappellina.com\/eu\/?post_type=product&#038;p=1225"},"modified":"2025-05-06T09:28:46","modified_gmt":"2025-05-06T07:28:46","slug":"chianti-classico-gran-selezione-canto-dieci","status":"publish","type":"product","link":"https:\/\/www.tenutacappellina.com\/eu\/product\/chianti-classico-gran-selezione-canto-dieci\/","title":{"rendered":"Gran Selezione Canto Dieci | 2016"},"content":{"rendered":"<p>Der Wein setzt neue Akzente f\u00fcr unsere Rebsorte Sangiovese. Bei diesem Wein haben wir uns f\u00fcr seinen Namen von dem Wahrzeichen unseres Anwesens inspirieren lassen. Canto Dieci wurde vom Decanter Magazin als \u201ewundersch\u00f6n konzentrierte Brombeerfrucht und Lakritze mit Schichten rauchiger Komplexit\u00e4t und einer leichten Prise sch\u00f6n verschmolzener Eiche\u201c beschrieben. Das Magazin verlieh dem Wein bei der Beurteilung von \u00fcber 300 Chianti Classico-Produzenten den Status \u201eSehr empfehlenswert\u201c.<\/p>\n","protected":false},"excerpt":{"rendered":"<p>Wie vom <strong>Decanter Magazin<\/strong> beschrieben: &#8222;Wundersch\u00f6n konzentrierte Brombeerfr\u00fcchte und Lakritz mit Schichten von rauchiger Komplexit\u00e4t und einem leichten Hauch von gut verschmolzener Eiche&#8220;.<\/p>\n","protected":false},"featured_media":3216,"comment_status":"open","ping_status":"closed","template":"","meta":{"_acf_changed":false},"product_brand":[],"product_cat":[28],"product_tag":[46],"class_list":{"0":"post-1225","1":"product","2":"type-product","3":"status-publish","4":"has-post-thumbnail","6":"product_cat-chianti-classico-docg-collection","7":"product_tag-chianti","9":"first","10":"instock","11":"taxable","12":"shipping-taxable","13":"purchasable","14":"product-type-simple"},"acf":[],"_links":{"self":[{"href":"https:\/\/www.tenutacappellina.com\/eu\/wp-json\/wp\/v2\/product\/1225","targetHints":{"allow":["GET"]}}],"collection":[{"href":"https:\/\/www.tenutacappellina.com\/eu\/wp-json\/wp\/v2\/product"}],"about":[{"href":"https:\/\/www.tenutacappellina.com\/eu\/wp-json\/wp\/v2\/types\/product"}],"replies":[{"embeddable":true,"href":"https:\/\/www.tenutacappellina.com\/eu\/wp-json\/wp\/v2\/comments?post=1225"}],"wp:featuredmedia":[{"embeddable":true,"href":"https:\/\/www.tenutacappellina.com\/eu\/wp-json\/wp\/v2\/media\/3216"}],"wp:attachment":[{"href":"https:\/\/www.tenutacappellina.com\/eu\/wp-json\/wp\/v2\/media?parent=1225"}],"wp:term":[{"taxonomy":"product_brand","embeddable":true,"href":"https:\/\/www.tenutacappellina.com\/eu\/wp-json\/wp\/v2\/product_brand?post=1225"},{"taxonomy":"product_cat","embeddable":true,"href":"https:\/\/www.tenutacappellina.com\/eu\/wp-json\/wp\/v2\/product_cat?post=1225"},{"taxonomy":"product_tag","embeddable":true,"href":"https:\/\/www.tenutacappellina.com\/eu\/wp-json\/wp\/v2\/product_tag?post=1225"}],"curies":[{"name":"wp","href":"https:\/\/api.w.org\/{rel}","templated":true}]}}