{"id":820,"date":"2022-11-11T09:51:33","date_gmt":"2022-11-11T09:51:33","guid":{"rendered":"https:\/\/www.tenutacappellina.com\/eu\/?page_id=820"},"modified":"2025-05-01T13:13:38","modified_gmt":"2025-05-01T11:13:38","slug":"terms-and-conditions","status":"publish","type":"page","link":"https:\/\/www.tenutacappellina.com\/eu\/terms-and-conditions\/","title":{"rendered":"Gesch\u00e4ftsbedingungen"},"content":{"rendered":"\t\t<div data-elementor-type=\"wp-page\" data-elementor-id=\"820\" class=\"elementor elementor-820\" data-elementor-post-type=\"page\">\n\t\t\t\t\t\t<section class=\"elementor-section elementor-top-section elementor-element elementor-element-cc820e6 elementor-section-height-min-height elementor-section-boxed elementor-section-height-default elementor-section-items-middle\" data-id=\"cc820e6\" data-element_type=\"section\" data-e-type=\"section\" data-settings=\"{&quot;background_background&quot;:&quot;classic&quot;}\">\n\t\t\t\t\t\t<div class=\"elementor-container elementor-column-gap-default\">\n\t\t\t\t\t<div class=\"elementor-column elementor-col-100 elementor-top-column elementor-element elementor-element-db13020\" data-id=\"db13020\" data-element_type=\"column\" data-e-type=\"column\">\n\t\t\t<div class=\"elementor-widget-wrap\">\n\t\t\t\t\t\t\t<\/div>\n\t\t<\/div>\n\t\t\t\t\t<\/div>\n\t\t<\/section>\n\t\t\t\t<section class=\"elementor-section elementor-top-section elementor-element elementor-element-b6b3a91 elementor-section-boxed elementor-section-height-default elementor-section-height-default\" data-id=\"b6b3a91\" data-element_type=\"section\" data-e-type=\"section\">\n\t\t\t\t\t\t<div class=\"elementor-container elementor-column-gap-default\">\n\t\t\t\t\t<div class=\"elementor-column elementor-col-100 elementor-top-column elementor-element elementor-element-3c30de0\" data-id=\"3c30de0\" data-element_type=\"column\" data-e-type=\"column\" data-settings=\"{&quot;background_background&quot;:&quot;classic&quot;}\">\n\t\t\t<div class=\"elementor-widget-wrap elementor-element-populated\">\n\t\t\t\t\t\t<div class=\"elementor-element elementor-element-77e4375 elementor-widget elementor-widget-heading\" data-id=\"77e4375\" data-element_type=\"widget\" data-e-type=\"widget\" data-widget_type=\"heading.default\">\n\t\t\t\t<div class=\"elementor-widget-container\">\n\t\t\t\t\t<h2 class=\"elementor-heading-title elementor-size-default\">Allgemeine Gesch\u00e4ftsbedingungen \nder History &amp; Heraldry GmbH f\u00fcr den Weinhandel<\/h2>\t\t\t\t<\/div>\n\t\t\t\t<\/div>\n\t\t\t\t<section class=\"elementor-section elementor-inner-section elementor-element elementor-element-2d3ac59 elementor-section-boxed elementor-section-height-default elementor-section-height-default\" data-id=\"2d3ac59\" data-element_type=\"section\" data-e-type=\"section\" data-settings=\"{&quot;background_background&quot;:&quot;classic&quot;}\">\n\t\t\t\t\t\t<div class=\"elementor-container elementor-column-gap-default\">\n\t\t\t\t\t<div class=\"elementor-column elementor-col-100 elementor-inner-column elementor-element elementor-element-1c133ff\" data-id=\"1c133ff\" data-element_type=\"column\" data-e-type=\"column\">\n\t\t\t<div class=\"elementor-widget-wrap elementor-element-populated\">\n\t\t\t\t\t\t<div class=\"elementor-element elementor-element-6ccd7c2 elementor-widget elementor-widget-text-editor\" data-id=\"6ccd7c2\" data-element_type=\"widget\" data-e-type=\"widget\" data-widget_type=\"text-editor.default\">\n\t\t\t\t<div class=\"elementor-widget-container\">\n\t\t\t\t\t\t\t\t\t<section class=\"post_content\"><ol><li>Geltungsbereich<\/li><\/ol><p>1.1.<\/p><p>Alle Lieferungen und Leistungen der History &amp; Heraldry GmbH im Bereich des Weinhandel erfolgen ausschlie\u00dflich auf der Grundlage dieser Allgemeinen Gesch\u00e4ftsbedingungen in der zum Zeitpunkt einer Bestellung g\u00fcltigen Fassung.<\/p><p>1.2<\/p><p>Soweit in diesen Allgemeinen Gesch\u00e4ftsbedingungen von Kunden die Rede ist, sind darunter sowohl Verbraucher im Sinne des \u00a7 13 BGB als auch Unternehmer im Sinne des \u00a7 14 BGB zu verstehen.<\/p><p>Verbraucher ist jede nat\u00fcrliche Person, die ein Rechtsgesch\u00e4ft zu Zwecken abschlie\u00dft, die \u00fcberwiegend weder ihrer gewerblichen noch ihrer selbst\u00e4ndigen beruflichen T\u00e4tigkeit zugrechnet werden k\u00f6nnen. Unternehmer ist eine nat\u00fcrliche oder juristische Person oder eine rechtsf\u00e4hige Person oder Gesellschaft, die bei Abschluss eines Rechtsgesch\u00e4ftes in Aus\u00fcbung ihrer gewerblichen oder selbst\u00e4ndigen beruflichen T\u00e4tigkeit handelt.<\/p><p>1.3.<br \/>F\u00fcr Rechtsgesch\u00e4fte mit Unternehmern gilt, dass vom Unternehmer verwendete entgegenstehende oder erg\u00e4nzende Allgemeine Gesch\u00e4ftsbedingungen nicht vereinbart werden. Deren Geltung wird hiermit ausdr\u00fccklich widersprochen. Sie werden nur dann Vertragsbestandteil, wenn die History &amp; Heraldry GmbH dem ausdr\u00fccklich zugestimmt hat.<\/p><ol start=\"2\"><li>Vertragsgegenstand<\/li><\/ol><p>2.1.<br \/>Gegenstand der abzuschlie\u00dfenden Vertr\u00e4ge ist der Kauf und die Lieferung von Produkten, insbesondere von Weinen, die auf der Website der History &amp; Heraldry GmbH <br \/>\u2013 <a href=\"https:\/\/www.tenutacappellina.com\/eu\/\">https:\/\/www.tenutacappellina.com\/eu\/<\/a> \u2013 oder in anderer Weise angeboten werden.<\/p><p>2.2.<br \/>Alle Angebote auf dieser Website gelten mit der Ma\u00dfgabe \u201esolange der Vorrat reicht\u201c, sofern nicht ausdr\u00fccklich bei den Produkten etwas anderes ausgewiesen wird. Irrt\u00fcmer bleiben vorbehalten.<\/p><p>2.3.<br \/>Leistungsbeschreibungen auf der Website der History &amp; Heraldry GmbH haben nicht den Charakter einer Zusicherung oder Garantie.<\/p><ol start=\"3\"><li>Bestellvorgang<\/li><\/ol><p>3.1.<br \/>Die Darstellung der Produkte auf der Website <a href=\"https:\/\/www.tenutacappellina.com\/eu\/\">https:\/\/www.tenutacappellina.com\/eu\/<\/a> stellen lediglich unverbindliche Aufforderungen an Kunden dar, Ware im Online-Shop der History &amp; Heraldry GmbH zu bestellen.<\/p><p>Es handelt sich insoweit nicht um rechtlich bindende Angebote, sondern um einen unverbindlichen Online-Katalog.<\/p><p>3.2.<\/p><p>Die Kunden k\u00f6nnen die Produkte zun\u00e4chst unverbindlich in den Warenkorb legen und ihre Eingaben vor Absenden einer verbindlichen Bestellung jederzeit korrigieren, indem der daf\u00fcr vorgesehene Bestellablauf und die erl\u00e4uterten Korrekturhilfen genutzt werden.<\/p><p>3.3.<br \/>Mit der Bestellung durch Anklicken des Buttons \u201eKostenpflichtig Bestellen\u201c gibt der Kunde ein verbindliches Angebot gegen\u00fcber der History &amp; Heraldry GmbH ab.<\/p><p>3.4.<\/p><p>Der Eingang des Kaufangebotes wird von uns nach dem Bestellvorgang best\u00e4tigt. Mit der Eingangsbest\u00e4tigung kommt noch kein Vertrag zwischen dem Kunden und der History &amp; Heraldry GmbH zustande.<\/p><p>Die History &amp; Heraldry GmbH wird innerhalb von 5 Tagen eine Annahmeerkl\u00e4rung \/ Auftragsbest\u00e4tigung in separater E-Mail abgeben. Mit der ausdr\u00fccklichen Auftragsbest\u00e4tigung oder der Zusendung einer Rechnung kommt der Kaufvertrag zustande. Der Kaufvertrag kommt auch dann zustande, wenn die History &amp; Heraldry GmbH die bestellte Ware innerhalb von 5 Tagen an den Kunden versendet, \u00fcbergeben oder den Versand an den Kunden innerhalb von 5 Tagen mit einer zweiten E-Mail best\u00e4tigt hat.<\/p><p>3.5.<\/p><p>Die Abgabe der angebotenen Produkte erfolgt in handels\u00fcblichen Mengen.<\/p><p>Der Mindestbestellwert betr\u00e4gt 6 Flaschen, sofern nicht eine geringere Bestellmenge vermerkt ist oder eine h\u00f6here maximale Bestellmenge vereinbart wird.<\/p><p>Bei einzelnen Angeboten kann eine Mindestbestellmenge vermerkt sein.<\/p><p>3.6.<br \/>Die auf der Website <a href=\"https:\/\/www.tenutacappellina.com\/eu\">https:\/\/www.tenutacappellina.com\/eu<\/a> der auf sonstige Weise get\u00e4tigten produktbeschreibenden Angaben, wie insbesondere Fotos oder Beschreibungen, sind unverbindlich, soweit sie nicht ausdr\u00fccklich als verbindlich gekennzeichnet werden. Geringe Abweichungen von solchen produktbeschreibenden Angaben bleiben vorbehalten und ber\u00fchren nicht die Erf\u00fcllung von Vertr\u00e4gen, sofern sie nicht unzumutbar sind.<\/p><p>3.7<\/p><p>Voraussetzung f\u00fcr einen Vertragsschluss zwischen dem Kunden und History &amp; Heraldry GmbH ist, dass der Kunde zum Zeitpunkt des Vertragsschlusses 18 Jahre oder \u00e4lter ist.<\/p><p>Wir behalten uns eine jeweilige Pr\u00fcfung vor. Mit dem Anklicken der Check-Box und dem Akzeptieren unserer Allgemeinen Gesch\u00e4ftsbedingungen im Rahmen des Bestellvorgangs erkl\u00e4ren Sie, dass Sie vollj\u00e4hrig und voll gesch\u00e4ftsf\u00e4hig sind. Sie versichern mit dem Absenden der Bestellung, \u00fcber 18 Jahre alt zu sein und dass alle Alters-, Namens- und Adress- Angaben richtig sind. Als Kunde sind Sie verpflichtet daf\u00fcr Sorge zu tragen, dass nur Sie selbst oder eine von Ihnen erm\u00e4chtigte vollj\u00e4hrige Personen die Warenlieferung entgegennehmen kann. Soweit nicht vollj\u00e4hrige Personen Bestellungen unter Angabe falscher Tatsachen und\/oder ohne Genehmigung ihrer sorge- beziehungsweise vertretungsberechtigten vollj\u00e4hrigen Verantwortlichen veranlassen, widerruft die History &amp; Heraldry GmbH diese Vertr\u00e4ge hiermit vorsorglich gem\u00e4\u00df \u00a7 111 BGB.<\/p><p>Im Rahmen der Auslieferung kann eine zus\u00e4tzliche Altersverifikation durch den Versanddienstleister erfolgen, sofern die Person, die die Lieferung in Empfang nimmt, hierzu begr\u00fcndeten Anlass liefert. Eine Ablieferung der bestellten Waren an Personen unter 18 Jahren findet nicht statt. Sollte die Lieferung infolge der Altersverifikation an der Haust\u00fcr nicht \u00fcbergeben werden k\u00f6nnen, haben Sie die Mehrkosten f\u00fcr die R\u00fccksendung der Bestellung zu tragen.<\/p><ol start=\"4\"><li>Widerrufsbelehrung<\/li><\/ol><p>Widerrufsrecht<\/p><p>Der Kunde hat das Recht, binnen 14 Tagen ohne Angabe von Gr\u00fcnden diesen Vertrag zu widerrufen. Die Widerrufsfrist betr\u00e4gt 14 Tage:<\/p><ol><li>Im Falle eines Kaufvertrages \u00fcber eine Ware ab dem Tag, an dem der Kunde oder ein von ihm benannter Dritter, der nicht der Bef\u00f6rderer ist, die Ware in Besitz genommen hat;<\/li><li>Im Falle eines Vertrages \u00fcber mehrere Waren ab dem Tag, an dem der Kunde oder ein von ihm benannter Dritter, der nicht der Bef\u00f6rderer ist, die letzte Ware in Besitz genommen hat;<\/li><li>Im Falle eines Vertrages \u00fcber die Lieferung einer Ware in mehreren Teilsendungen, oder in St\u00fccken ab dem Tag, an dem der Kunde oder ein von ihm benannter Dritter, der nicht der Bef\u00f6rderer ist, die letzte Teilsendung oder das letzte St\u00fcck in Besitz genommen hat;<\/li><li>Im Falle eines Vertrages zur regelm\u00e4\u00dfigen Lieferung von Waren \u00fcber einen festgelegten Zeitraum hinweg ab dem Tag, an dem der Kunde oder ein von ihm benannter Dritter, der nicht der Bef\u00f6rderer ist, die erste Ware in Besitz genommen hat;<\/li><li>Im Falle eines Dienstleistungsvertrages ab dem Tage des Vertragsschlusses.\u00a0<\/li><\/ol><p>Um das Widerrufsrecht auszu\u00fcben, muss der Kunde der History &amp; Heraldry GmbH, <br \/>Speersort 166, 21723 Hollern-Twielenfleth, E-Mail <a href=\"mailto:welcome@hh-germany.de\">welcome@hh-germany.de<\/a>, Telefonnummer \u00a049 (0) 41 41 \/ 79 32 -10\/-20, mittels einer eindeutigen Erkl\u00e4rung (z.B. ein mit Post versandter Brief, Telefax oder E-Mail) \u00fcber den Entschluss, diesen Vertrag zu widerrufen, informieren. Der Kunde kann daf\u00fcr das beigef\u00fcgte Muster-Widerrufsformular verwenden, was jedoch nicht vorgeschrieben ist.<\/p><p>Zur Wahrung der Widerrufsfrist reicht es aus, dass der Kunde die Mitteilung \u00fcber die Aus\u00fcbung des Widerrufsrechtes vor Ablauf der Widerrufst absendet.<\/p><p>Folgen des Widerrufs<\/p><p>Wenn der Kunde den Vertrag widerruft, hat die History &amp; Heraldry GmbH alle Zahlungen, die sie vom Kunden erhalten hat, einschlie\u00dflich der Lieferkosten (mit Ausnahme der zus\u00e4tzlichen Kosten, die sich daraus ergeben, dass der Kunde eine andere Art der Lieferung als die von der History &amp; Heraldry GmbH angebotene, g\u00fcnstigste Standardlieferung gew\u00e4hlt hat) unverz\u00fcglich und sp\u00e4testens binnen 14 Tagen ab dem Tag zur\u00fcckzuzahlen, an dem die Mitteilung des Kunden \u00fcber den Widerruf dieses Vertrages bei History &amp; Heraldry GmbH eingegangen ist.<\/p><p><strong>\u00a0<\/strong>F\u00fcr die R\u00fcckzahlung verwendet die History &amp; Heraldry GmbH dasselbe Zahlungsmittel, das der Kunde bei seiner urspr\u00fcnglichen Transaktion eingesetzt hat, es sei denn, mit dem Kunden wurde ausdr\u00fccklich etwas anderes vereinbart; in keinem Fall wird die History &amp; Heraldry GmbH dem Kunden wegen dieser R\u00fcckzahlung Entgelte berechnen. Die History &amp; Heraldry GmbH kann die R\u00fcckzahlung verweigern, bis die History &amp; Heraldry GmbH die Ware wieder zur\u00fcckerhalten hat oder der Kunde den Nachweis erbracht hat, dass er die Ware zur\u00fcckgesandt hat, je nachdem, welches der fr\u00fchere Zeitpunkt ist.<\/p><p>Der Kunde hat die Waren unverz\u00fcglich und in jedem Fall sp\u00e4testens binnen 14 Tagen ab dem Tag, an dem der Kunde uns \u00fcber den Widerruf dieses Vertrages unterrichtet, an uns zur\u00fcckzusenden oder zu \u00fcbergeben. Die Frist ist gewahrt, wenn der Kunde die Waren vor Ablauf der Frist von 14 Tagen absendet. History &amp; Heraldry GmbH tr\u00e4gt die unmittelbaren Kosten der R\u00fccksendung der Waren. Der Kunde muss f\u00fcr einen etwaigen Wertverlust der Waren nur aufkommen, wenn dieser Wertverlust auf einen zur Pr\u00fcfung der Beschaffenheit, Eigenschaften und Funktionsweise der Waren nicht notwendigen Umgang mit der Ware zur\u00fcckzuf\u00fchren ist.<\/p><p>Hinweis Ausschluss des Widerrufsrechts<\/p><p>Das Widerrufsrecht besteht nicht, sofern der Kunde Unternehmer gem\u00e4\u00df \u00a7 14 BGB ist. Das Widerrufsrecht besteht auch nicht:<\/p><ol><li>Bei Vertr\u00e4gen zur Lieferung von Waren, die schnell verderben k\u00f6nnen oder deren Verfallsdatum schnell \u00fcberschritten w\u00fcrde;<\/li><li>Bei Vertr\u00e4gen zur Lieferung versiegelter Waren, die aus Gr\u00fcnden des Gesundheitsschutzes oder der Hygiene nicht zur R\u00fcckgabe geeignet sind, wenn ihre Versiegelung nach der Lieferung entfernt wurde;<\/li><li>Bei Vertr\u00e4gen zur Lieferung alkoholischer Getr\u00e4nke, deren Preis bei Vertragsschluss vereinbart wurde, die aber fr\u00fchestens 30 Tage nach Vertragsschluss geliefert werden k\u00f6nnen und deren aktueller Wert von Schwankungen auf dem Markt abh\u00e4ngt, auf die der Unternehmer keinen Einfluss hat (vin primuer).<\/li><\/ol><p>Muster-Widerrufsformular<\/p><p>Wenn Sie den Vertrag widerrufen wollen, dann f\u00fcllen Sie bitte dieses Formular aus und senden Sie es zur\u00fcck:<\/p><p>\u00a0\u00a0\u00a0\u00a0\u00a0\u00a0\u00a0\u00a0\u00a0\u00a0\u00a0\u00a0\u00a0\u00a0\u00a0\u00a0\u00a0\u00a0\u00a0\u00a0\u00a0\u00a0\u00a0 An die History &amp; Heraldry GmbH, Speersort 166, 21723 Hollern-Twielenfleth,<\/p><p>\u00a0\u00a0\u00a0\u00a0\u00a0\u00a0\u00a0\u00a0\u00a0\u00a0\u00a0\u00a0\u00a0\u00a0\u00a0\u00a0\u00a0\u00a0\u00a0\u00a0\u00a0\u00a0\u00a0 E-Mail <a href=\"mailto:welcome@hh-germany.de\">welcome@hh-germany.de<\/a>, Telefonnummer 49 (0) 41 41 \/ 79 32 -10\/-20:<\/p><p>\u00a0\u00a0\u00a0\u00a0\u00a0\u00a0\u00a0\u00a0\u00a0\u00a0\u00a0\u00a0\u00a0\u00a0\u00a0\u00a0\u00a0\u00a0\u00a0\u00a0\u00a0\u00a0\u00a0 Hiermit widerrufe(n) ich\/wir (*) den von mir\/uns (*) abgeschlossenen Vertrag<\/p><p>\u00a0\u00a0\u00a0\u00a0\u00a0\u00a0\u00a0\u00a0\u00a0\u00a0\u00a0\u00a0\u00a0\u00a0\u00a0\u00a0\u00a0\u00a0\u00a0\u00a0\u00a0\u00a0\u00a0 \u00fcber den Verkauf der folgenden Waren (*) abgeschlossenen Vertrag \u00fcber<\/p><p>\u00a0\u00a0\u00a0\u00a0\u00a0\u00a0\u00a0\u00a0\u00a0\u00a0\u00a0\u00a0\u00a0\u00a0\u00a0\u00a0\u00a0\u00a0\u00a0\u00a0\u00a0\u00a0\u00a0 den Verkauf der folgenden Waren (*) \/ die Erbringung der folgenden<\/p><p>\u00a0\u00a0\u00a0\u00a0\u00a0\u00a0\u00a0\u00a0\u00a0\u00a0\u00a0\u00a0\u00a0\u00a0\u00a0\u00a0\u00a0\u00a0\u00a0\u00a0\u00a0\u00a0\u00a0 Dienstleistung (*):<\/p><p>\u00a0\u00a0\u00a0\u00a0\u00a0\u00a0\u00a0\u00a0\u00a0\u00a0\u00a0\u00a0\u00a0\u00a0\u00a0\u00a0\u00a0\u00a0\u00a0\u00a0\u00a0\u00a0\u00a0 bestellt am (*) \/ erhalten am (*):<\/p><p>Name des \/ der Verbraucher (s)<\/p><p>Anschrift des \/ der Verbraucher (s):<br \/>Unterschrift des \/ der Verbraucher (s): (nur bei Mitteilung auf Papier)<br \/>Datum \u2026..<\/p><p>(*) Unzutreffendes streichen<\/p><ol start=\"5\"><li>Preise und Versandkosten<\/li><\/ol><p>5.1.<br \/>Die auf der Produktseite der History &amp; Heraldry GmbH oder in diesen Allgemeinen Gesch\u00e4ftsbedingungen genannten Preise und Versandkosten sind in Euro. Alle genannten Preise gelten nur zum Zeitpunkt der Bestellung.<\/p><p>Die Preise verstehen sich als Endpreise und enthalten die gesetzliche Mehrwertsteuer sowie sonstige Preisbestandteile.<\/p><p>Zus\u00e4tzlich angegeben ist auch der Literpreis.<\/p><p>5.2.<br \/>Die Versand- und Verpackungskosten sind nach Zielland und Versandeinheiten (Anzahl) gestaffelt.<\/p><p>Die genauen Kosten werden dem Kunden im Warenkorb angezeigt bzw. k\u00f6nnen der Versandkostentabelle entnommen werden.<\/p><p>5.3. <br \/>Die Zahlung erfolgt wahlweise per Vorkasse oder per Kreditkarte.<\/p><p>Bei Wahl der Zahlungsart Vorkasse nennt die History &amp; Heraldry GmbH dem Kunden die Bankverbindung in der Auftragsbest\u00e4tigung und liefert die Ware nach Zahlungseingang.<\/p><p>Bei Zahlung per Kreditkarte erfolgt die sofortige Belastung des Kontos des Kunden mit Abschluss der Bestellung.<\/p><p>F\u00fcr den Fall eines Zahlungsverzuges verpflichtet sich der Kunde, alle der History &amp; Heraldry GmbH entstehenden Kosten, die ihr f\u00fcr die Verfolgung der Anspr\u00fcche aus dem Vertragsverh\u00e4ltnis entstehen, insbesondere R\u00fcckbuchungsgeb\u00fchren und die Kosten der Einschaltung von Inkassob\u00fcros und Rechtsanw\u00e4lten, sowie Verzugszinsen in H\u00f6he von 5 Prozentpunkten \u00fcber dem jeweiligen Basiszinssatz zu ersetzen.<\/p><p>F\u00fcr die Bearbeitung eines Zahlungsverzuges wird eine Geb\u00fchr in H\u00f6he von 5,00 Euro je Vorgang erhoben.<\/p><p>Wenn der Kunde nicht Verbraucher ist, betr\u00e4gt der Verzugszinssatz 8 Prozentpunkte \u00fcber dem Basiszinssatz.<\/p><p>History &amp; Heraldry GmbH beh\u00e4lt sich vor, einen h\u00f6heren Verzugsschaden nachzuweisen und geltend zu machen.<\/p><ol start=\"6\"><li>Lieferung<\/li><\/ol><p>6.1.<\/p><p>Die Lieferung erfolgen an die vom Kunden mitgeteilte Lieferadresse.<\/p><p>6.2.<\/p><p>Die Verf\u00fcgbarkeit der Waren ergibt sich aus den Angaben auf der Website <a href=\"https:\/\/www.tenutacappellina.com\/eu\">https:\/\/www.tenutacappellina.com\/eu<\/a> . Soweit nichts anderes angegeben, erfolgt die Lieferung innerhalb von 5 Tagen.<\/p><p>Lieferungen erfolgen stets solange der Vorrat reicht.<\/p><p>Sollte ein vom Kunden bestelltes Produkt wider Erwarten aus von History &amp; Heraldry GmbH oder vom Lieferanten nicht zu vertretenden Gr\u00fcnden nicht verf\u00fcgbar sein, wird History &amp; Heraldry GmbH dem Kunden anstelle des bestellten Produktes ein in Qualit\u00e4t und Preis gleichwertiges Produkt anbieten, zu dessen Abnahme der Kunde nicht verpflichtet ist. Der Kunde wird dar\u00fcber unverz\u00fcglich informiert. Etwa bereits vom Kunden geleistete Zahlungen werden unverz\u00fcglich erstattet.<\/p><p>6.3<\/p><p>Setzt der Kunde, nachdem sich History &amp; Heraldry GmbH mit der Lieferung in Verzug befunden hat, eine angemessene Nachfrist mit Ablehnungsandrohung, so ist der Kunde nach fruchtlosem Ablauf dieser Nachfrist berechtigt, vom Vertrag zur\u00fcckzutreten oder Schadensersatz wegen Nichterf\u00fcllung zu verlangen.<\/p><p>6.4.<\/p><p>Beruhen Verz\u00f6gerungen einer Lieferung auf Gr\u00fcnden, die History &amp; Heraldry GmbH und die betreffenden Lieferanten nicht zu vertreten haben (h\u00f6he Gewalt, Verschulden Dritter u.a.) wird die Frist angemessen verl\u00e4ngert. Der Kunde wird hiervon unverz\u00fcglich unterrichtet. Dauern die Ursachen der Verz\u00f6gerung l\u00e4nger als 4 Wochen nach Vertragsschluss an, ist jede Partei berechtigt, von dem Vertrag zur\u00fcckzutreten.<\/p><p>6.5.<\/p><p>Handelt es sich um einen Verbrauchsg\u00fcterkauf, tr\u00e4gt History &amp; Heraldry GmbH die Gefahr eines zuf\u00e4lligen Untergangs oder einer zuf\u00e4lligen Verschlechterung.<\/p><p>6.6.<\/p><p>Kommt der Kunde mit der Annahme der Lieferung in Verzug oder verletzt der Kunde sonstige Mitwirkungspflichten, so ist History &amp; Heraldry GmbH berechtigt, den ihr entstandenen Schaden einschlie\u00dflich etwaiger Mehraufwendungen ersetzt zu verlangen. In diesem Fall geht auch die Gefahr eines zuf\u00e4lligen Unterganges oder einer zus\u00e4tzlichen Verschlechterung der Kaufsache in dem Zeitpunkt auf den Kunden \u00fcber, in dem dieser in Annahmeverzug ger\u00e4t.<\/p><p>6.7.<\/p><p>Keine der in dieser Ziffer geregelten Bedingungen \u00fcber die Lieferung der Waren schr\u00e4nkt ein gesetzliches Widerrufsrecht des Kunden ein.<\/p><ol start=\"7\"><li>Eigentumsvorbehalt<p>Alle Lieferungen der History &amp; Heraldry GmbH, auch soweit sie direkt von Lieferanten stattfinden, erfolgen unter Eigentumsvorbehalt der History &amp; Heraldry GmbH. Das Eigentum an gelieferter Ware geht es nach vollst\u00e4ndiger Zahlung des Kaufpreises auf den Kunden \u00fcber.<\/p><\/li><li>Gew\u00e4hrleistung<\/li><\/ol><p>8.1.<\/p><p>Etwaige Anspr\u00fcche des Kunden gegen History &amp; Heraldry GmbH bei M\u00e4ngeln richten sich ausschlie\u00dflich nach den gesetzlichen Bestimmungen, soweit nicht durch nachfolgende Regelungen Abweichungen vereinbart werden.<\/p><p>8.2.<br \/>Sch\u00e4den, die durch unsachgem\u00e4\u00dfe oder vertragswidrige Ma\u00dfnahmen beim Auspacken oder der Lagerung durch den Kunden hervorgerufen werden, begr\u00fcnden keine Anspr\u00fcche zu Lasten der History &amp; Heraldry GmbH.<\/p><ol start=\"9\"><li>Haftung<\/li><\/ol><p>9.1.<\/p><p>Bei offensichtlichen Transportsch\u00e4den (Scherben, aufgeweichte Verpackung etc.) hat der Kunde die Annahme des Paketes zu verweigern und es an die History &amp; Heraldry GmbH zur\u00fcckgehen zu lassen.<\/p><p>Wenn der Kunde das Paket annimmt, hat er sich die Besch\u00e4digung vom Versandunternehmen best\u00e4tigen zu lassen. Die History &amp; Heraldry GmbH leistet vollst\u00e4ndigen Ersatz, sofern eine entsprechende Schadensmeldung vorliegt bzw. die besch\u00e4digte Ware bei History &amp; Heraldry GmbH eingetroffen ist.<\/p><p>9.2.<\/p><p>History &amp; Heraldry GmbH haftet unabh\u00e4ngig vom Rechtsgrund ausschlie\u00dflich f\u00fcr Sch\u00e4den, die durch Mitarbeiter und Erf\u00fcllungsgehilfen der History &amp; Heraldry GmbH vors\u00e4tzlich, grob fahrl\u00e4ssig oder im Falle der Verletzung einer vertragswesentlichen Pflicht einfach fahrl\u00e4ssig verursacht werden.<\/p><p>Vertragswesentlich ist jede Pflicht, deren Erf\u00fcllung die ordnungsgem\u00e4\u00dfe Durchf\u00fchrung des Vertrages gerade erm\u00f6glicht und auf deren Einhaltung der Kunde regelm\u00e4\u00dfig vertraut und vertrauen darf.<\/p><p>9.3.<\/p><p>Im Falle einer einfachen Fahrl\u00e4ssigkeit im Sinne der vorstehenden Regelung ist die Haftung der History &amp; Heraldry GmbH beschr\u00e4nkt auf typische Sch\u00e4den, welche im Zeitpunkt des Vertragsschlusses oder im Zeitpunkt der Pflichtverletzung vorhersehbar waren.<\/p><p>9.4.<\/p><p>Die Haftung der History &amp; Heraldry GmbH aufgrund der Verletzung einer ausdr\u00fccklich gew\u00e4hrten Garantie, f\u00fcr Sch\u00e4den nach dem Produkthaftungsgesetz oder f\u00fcr die Verletzung Leben, K\u00f6rper oder Gesundheit bleibt unber\u00fchrt.<\/p><ol start=\"10\"><li>Alternative Streitbeilegung gem\u00e4\u00df Artikel 14 Abs. 1 ODR-VO und \u00a7 36 VSBG<\/li><\/ol><p>Die EU-Kommission stellt eine Plattform zur Online-Beilegung von verbraucherrechtlichen Streitigkeiten, die sich aus dem Online-Verkauf von Waren oder der Online-Erbringung von Dienstleistungen an Verbraucher ergeben (OS-Plattform) bereit. Die OS-Plattform ist unter dem nachfolgenden Link erreichbar: <a href=\"https:\/\/webgate.europa.eu\/consumers\/odr\/\">https:\/\/webgate.ec.europa.eu\/odr\/<\/a><\/p><p>Die E-Mail-Adresse der History &amp; Heraldry GmbH lautet: <a href=\"mailto:welcome@hh-germany.de\">welcome@hh-germany.de<\/a>.<\/p><p>Die History &amp; Heraldry GmbH ist zur Teilnahme an einem Streitbeilegungsverfahren vor einer Verbraucherschlichtungsstelle weder verpflichtet noch bereit.<\/p><ol start=\"11\"><li>Schlussbestimmungen<\/li><\/ol><p>11.1.<\/p><p>Es gilt deutsches Recht unter Ausschluss des UN-Kaufrechtes.<\/p><p>Bei Verbrauchern ber\u00fchrt diese Rechtswahl nicht die zwingenden Bestimmungen des Rechtes des Staates, in dem Verbraucher seinen gew\u00f6hnlichen Wohnsitz hat.<\/p><p>11.2.<br \/>Ist der Kunde Kaufmann im Sinne des Handelsgesetzbuches, eine juristische Person des \u00f6ffentlichen Rechts oder ein \u00f6ffentlich-rechtliches Sonderverm\u00f6gen, ist ausschlie\u00dflicher Gerichtsstand f\u00fcr alle Streitigkeiten aus dem Vertragsverh\u00e4ltnis zwischen dem Kunden und der History &amp; Heraldry GmbH der Gesch\u00e4ftssitz der History &amp; Heraldry GmbH.<\/p><p>11.3.<\/p><p>Der Kunde kann mit Gegenforderungen gegen\u00fcber Anspr\u00fcchen der History &amp; Heraldry GmbH nur aufrechnen, wenn diese entweder unbestritten, rechtskr\u00e4ftig festgestellt oder entscheidungsreif sind.<\/p><p>11.4.<br \/>Nebenabreden wurden nicht vereinbart.<\/p><p>11.5.<\/p><p>Sollten einzelne Bestimmungen dieser Allgemeinen Gesch\u00e4ftsbedingungen ganz oder teilweise unwirksam sein oder werden, so wird die G\u00fcltigkeit der \u00fcbrigen Bestimmungen dadurch nicht ber\u00fchrt.<\/p><p>Hollern-Twielenfleth, den 01.07.2024<\/p><p>History &amp; Heraldry GmbH<\/p><\/section>\t\t\t\t\t\t\t\t<\/div>\n\t\t\t\t<\/div>\n\t\t\t\t\t<\/div>\n\t\t<\/div>\n\t\t\t\t\t<\/div>\n\t\t<\/section>\n\t\t\t\t\t<\/div>\n\t\t<\/div>\n\t\t\t\t\t<\/div>\n\t\t<\/section>\n\t\t\t\t<\/div>\n\t\t","protected":false},"excerpt":{"rendered":"<p>Allgemeine Gesch\u00e4ftsbedingungen der History &amp; Heraldry GmbH f\u00fcr den Weinhandel Geltungsbereich 1.1. Alle Lieferungen und Leistungen der History &amp; Heraldry GmbH im Bereich des Weinhandel erfolgen ausschlie\u00dflich auf der Grundlage dieser Allgemeinen Gesch\u00e4ftsbedingungen in der zum Zeitpunkt einer Bestellung g\u00fcltigen Fassung. 1.2 Soweit in diesen Allgemeinen Gesch\u00e4ftsbedingungen von Kunden die Rede ist, sind darunter sowohl [&hellip;]<\/p>\n","protected":false},"author":1,"featured_media":0,"parent":0,"menu_order":0,"comment_status":"closed","ping_status":"closed","template":"","meta":{"_acf_changed":false,"footnotes":""},"class_list":["post-820","page","type-page","status-publish","hentry"],"acf":[],"_links":{"self":[{"href":"https:\/\/www.tenutacappellina.com\/eu\/wp-json\/wp\/v2\/pages\/820","targetHints":{"allow":["GET"]}}],"collection":[{"href":"https:\/\/www.tenutacappellina.com\/eu\/wp-json\/wp\/v2\/pages"}],"about":[{"href":"https:\/\/www.tenutacappellina.com\/eu\/wp-json\/wp\/v2\/types\/page"}],"author":[{"embeddable":true,"href":"https:\/\/www.tenutacappellina.com\/eu\/wp-json\/wp\/v2\/users\/1"}],"replies":[{"embeddable":true,"href":"https:\/\/www.tenutacappellina.com\/eu\/wp-json\/wp\/v2\/comments?post=820"}],"version-history":[{"count":116,"href":"https:\/\/www.tenutacappellina.com\/eu\/wp-json\/wp\/v2\/pages\/820\/revisions"}],"predecessor-version":[{"id":4412,"href":"https:\/\/www.tenutacappellina.com\/eu\/wp-json\/wp\/v2\/pages\/820\/revisions\/4412"}],"wp:attachment":[{"href":"https:\/\/www.tenutacappellina.com\/eu\/wp-json\/wp\/v2\/media?parent=820"}],"curies":[{"name":"wp","href":"https:\/\/api.w.org\/{rel}","templated":true}]}}