{"id":2993,"date":"2023-01-25T17:19:59","date_gmt":"2023-01-25T17:19:59","guid":{"rendered":"https:\/\/www.tenutacappellina.com\/eu\/?page_id=2993"},"modified":"2024-12-16T10:28:40","modified_gmt":"2024-12-16T09:28:40","slug":"basket","status":"publish","type":"page","link":"https:\/\/www.tenutacappellina.com\/eu\/basket\/","title":{"rendered":"Basket"},"content":{"rendered":"\t\t<div data-elementor-type=\"wp-page\" data-elementor-id=\"2993\" class=\"elementor elementor-2993\" data-elementor-post-type=\"page\">\n\t\t\t\t\t\t<section class=\"elementor-section elementor-top-section elementor-element elementor-element-6a4901f elementor-section-boxed elementor-section-height-default elementor-section-height-default\" data-id=\"6a4901f\" data-element_type=\"section\" data-e-type=\"section\">\n\t\t\t\t\t\t<div class=\"elementor-container elementor-column-gap-default\">\n\t\t\t\t\t<div class=\"elementor-column elementor-col-100 elementor-top-column elementor-element elementor-element-6edcbb5\" data-id=\"6edcbb5\" data-element_type=\"column\" data-e-type=\"column\">\n\t\t\t<div class=\"elementor-widget-wrap elementor-element-populated\">\n\t\t\t\t\t\t<section class=\"elementor-section elementor-inner-section elementor-element elementor-element-8f8c93d elementor-section-boxed elementor-section-height-default elementor-section-height-default\" data-id=\"8f8c93d\" data-element_type=\"section\" data-e-type=\"section\" data-settings=\"{&quot;background_background&quot;:&quot;classic&quot;}\">\n\t\t\t\t\t\t\t<div class=\"elementor-background-overlay\"><\/div>\n\t\t\t\t\t\t\t<div class=\"elementor-container elementor-column-gap-default\">\n\t\t\t\t\t<div class=\"elementor-column elementor-col-100 elementor-inner-column elementor-element elementor-element-57e60fa\" data-id=\"57e60fa\" data-element_type=\"column\" data-e-type=\"column\">\n\t\t\t<div class=\"elementor-widget-wrap\">\n\t\t\t\t\t\t\t<\/div>\n\t\t<\/div>\n\t\t\t\t\t<\/div>\n\t\t<\/section>\n\t\t\t\t\t<\/div>\n\t\t<\/div>\n\t\t\t\t\t<\/div>\n\t\t<\/section>\n\t\t\t\t<section class=\"elementor-section elementor-top-section elementor-element elementor-element-c32dd99 elementor-section-boxed elementor-section-height-default elementor-section-height-default\" data-id=\"c32dd99\" data-element_type=\"section\" data-e-type=\"section\">\n\t\t\t\t\t\t<div class=\"elementor-container elementor-column-gap-default\">\n\t\t\t\t\t<div class=\"elementor-column elementor-col-100 elementor-top-column elementor-element elementor-element-58eed8e\" data-id=\"58eed8e\" data-element_type=\"column\" data-e-type=\"column\">\n\t\t\t<div class=\"elementor-widget-wrap elementor-element-populated\">\n\t\t\t\t\t\t<div class=\"elementor-element elementor-element-805e5c3 elementor-widget elementor-widget-woocommerce-notices\" data-id=\"805e5c3\" data-element_type=\"widget\" data-e-type=\"widget\" data-widget_type=\"woocommerce-notices.default\">\n\t\t\t\t<div class=\"elementor-widget-container\">\n\t\t\t\t\t\t\t<style>\n\t\t\t.woocommerce-notices-wrapper,\n\t\t\t.woocommerce-message,\n\t\t\t.woocommerce-error,\n\t\t\t.woocommerce-info {\n\t\t\t\tdisplay: none;\n\t\t\t}\n\t\t<\/style>\n\t\t\t\t\t<div class=\"e-woocommerce-notices-wrapper e-woocommerce-notices-wrapper-loading\">\n\t\t\t\t<div class=\"woocommerce-notices-wrapper\"><\/div>\t\t\t<\/div>\n\t\t\t\t\t\t\t<\/div>\n\t\t\t\t<\/div>\n\t\t\t\t<div class=\"elementor-element elementor-element-723f055 elementor-widget elementor-widget-text-editor\" data-id=\"723f055\" data-element_type=\"widget\" data-e-type=\"widget\" data-widget_type=\"text-editor.default\">\n\t\t\t\t<div class=\"elementor-widget-container\">\n\t\t\t\t\t\t\t\t\t<h3>Bitte beachten Sie, dass der Versand nur in 6er Kartons m\u00f6glich ist. Ein Mix aus unterschiedlichen Weinsorten ist nat\u00fcrlich m\u00f6glich.<\/h3>\t\t\t\t\t\t\t\t<\/div>\n\t\t\t\t<\/div>\n\t\t\t\t<div class=\"elementor-element elementor-element-e76fee2 elementor-widget elementor-widget-shortcode\" data-id=\"e76fee2\" data-element_type=\"widget\" data-e-type=\"widget\" data-widget_type=\"shortcode.default\">\n\t\t\t\t<div class=\"elementor-widget-container\">\n\t\t\t\t\t\t\t<div class=\"elementor-shortcode\"><\/div>\n\t\t\t\t\t\t<\/div>\n\t\t\t\t<\/div>\n\t\t\t\t\t<\/div>\n\t\t<\/div>\n\t\t\t\t\t<\/div>\n\t\t<\/section>\n\t\t\t\t<\/div>\n\t\t","protected":false},"excerpt":{"rendered":"<p>Bitte beachten Sie, dass der Versand nur in 6er Kartons m\u00f6glich ist. Ein Mix aus unterschiedlichen Weinsorten ist nat\u00fcrlich m\u00f6glich.<\/p>\n","protected":false},"author":1,"featured_media":0,"parent":0,"menu_order":0,"comment_status":"closed","ping_status":"closed","template":"","meta":{"_acf_changed":false,"footnotes":""},"class_list":["post-2993","page","type-page","status-publish","hentry"],"acf":[],"_links":{"self":[{"href":"https:\/\/www.tenutacappellina.com\/eu\/wp-json\/wp\/v2\/pages\/2993","targetHints":{"allow":["GET"]}}],"collection":[{"href":"https:\/\/www.tenutacappellina.com\/eu\/wp-json\/wp\/v2\/pages"}],"about":[{"href":"https:\/\/www.tenutacappellina.com\/eu\/wp-json\/wp\/v2\/types\/page"}],"author":[{"embeddable":true,"href":"https:\/\/www.tenutacappellina.com\/eu\/wp-json\/wp\/v2\/users\/1"}],"replies":[{"embeddable":true,"href":"https:\/\/www.tenutacappellina.com\/eu\/wp-json\/wp\/v2\/comments?post=2993"}],"version-history":[{"count":80,"href":"https:\/\/www.tenutacappellina.com\/eu\/wp-json\/wp\/v2\/pages\/2993\/revisions"}],"predecessor-version":[{"id":4335,"href":"https:\/\/www.tenutacappellina.com\/eu\/wp-json\/wp\/v2\/pages\/2993\/revisions\/4335"}],"wp:attachment":[{"href":"https:\/\/www.tenutacappellina.com\/eu\/wp-json\/wp\/v2\/media?parent=2993"}],"curies":[{"name":"wp","href":"https:\/\/api.w.org\/{rel}","templated":true}]}}