{"id":818,"date":"2022-11-11T09:51:01","date_gmt":"2022-11-11T09:51:01","guid":{"rendered":"https:\/\/www.tenutacappellina.com\/eu\/?page_id=818"},"modified":"2023-08-30T10:31:05","modified_gmt":"2023-08-30T08:31:05","slug":"the-people","status":"publish","type":"page","link":"https:\/\/www.tenutacappellina.com\/eu\/en\/the-people\/","title":{"rendered":"The People"},"content":{"rendered":"<div data-elementor-type=\"wp-page\" data-elementor-id=\"818\" class=\"elementor elementor-818\" data-elementor-post-type=\"page\">\n\t\t\t\t\t\t<section class=\"elementor-section elementor-top-section elementor-element elementor-element-816daab elementor-section-boxed elementor-section-height-default elementor-section-height-default\" data-id=\"816daab\" data-element_type=\"section\" data-e-type=\"section\">\n\t\t\t\t\t\t<div class=\"elementor-container elementor-column-gap-default\">\n\t\t\t\t\t<div class=\"elementor-column elementor-col-100 elementor-top-column elementor-element elementor-element-32640d7\" data-id=\"32640d7\" data-element_type=\"column\" data-e-type=\"column\" data-settings=\"{&quot;background_background&quot;:&quot;classic&quot;}\">\n\t\t\t<div class=\"elementor-widget-wrap elementor-element-populated\">\n\t\t\t\t\t<div class=\"elementor-background-overlay\"><\/div>\n\t\t\t\t\t\t<section class=\"elementor-section elementor-inner-section elementor-element elementor-element-cafd8eb elementor-section-boxed elementor-section-height-default elementor-section-height-default\" data-id=\"cafd8eb\" data-element_type=\"section\" data-e-type=\"section\">\n\t\t\t\t\t\t<div class=\"elementor-container elementor-column-gap-default\">\n\t\t\t\t\t<div class=\"elementor-column elementor-col-100 elementor-inner-column elementor-element elementor-element-b553d01\" data-id=\"b553d01\" data-element_type=\"column\" data-e-type=\"column\">\n\t\t\t<div class=\"elementor-widget-wrap elementor-element-populated\">\n\t\t\t\t\t\t<div class=\"elementor-element elementor-element-f57de27 elementor-widget elementor-widget-heading\" data-id=\"f57de27\" data-element_type=\"widget\" data-e-type=\"widget\" data-widget_type=\"heading.default\">\n\t\t\t\t<div class=\"elementor-widget-container\">\n\t\t\t\t\t<h2 class=\"elementor-heading-title elementor-size-default\">OUR TEAM<\/h2>\t\t\t\t<\/div>\n\t\t\t\t<\/div>\n\t\t\t\t\t<\/div>\n\t\t<\/div>\n\t\t\t\t\t<\/div>\n\t\t<\/section>\n\t\t\t\t\t<\/div>\n\t\t<\/div>\n\t\t\t\t\t<\/div>\n\t\t<\/section>\n\t\t\t\t<section class=\"elementor-section elementor-top-section elementor-element elementor-element-4d78407 elementor-hidden-mobile elementor-section-boxed elementor-section-height-default elementor-section-height-default\" data-id=\"4d78407\" data-element_type=\"section\" data-e-type=\"section\" data-settings=\"{&quot;background_background&quot;:&quot;classic&quot;}\">\n\t\t\t\t\t\t<div class=\"elementor-container elementor-column-gap-default\">\n\t\t\t\t\t<div class=\"elementor-column elementor-col-100 elementor-top-column elementor-element elementor-element-a9bb0c8 elementor-hidden-mobile\" data-id=\"a9bb0c8\" data-element_type=\"column\" data-e-type=\"column\">\n\t\t\t<div class=\"elementor-widget-wrap elementor-element-populated\">\n\t\t\t\t\t\t<div class=\"elementor-element elementor-element-8fb9f3f e-transform e-transform elementor-hidden-mobile e-transform elementor-widget elementor-widget-image\" data-id=\"8fb9f3f\" data-element_type=\"widget\" data-e-type=\"widget\" data-settings=\"{&quot;_transform_translateX_effect_mobile&quot;:{&quot;unit&quot;:&quot;%&quot;,&quot;size&quot;:50,&quot;sizes&quot;:[]},&quot;_transform_scale_effect_mobile&quot;:{&quot;unit&quot;:&quot;px&quot;,&quot;size&quot;:2,&quot;sizes&quot;:[]},&quot;_transform_flipY_effect&quot;:&quot;transform&quot;,&quot;_transform_translateX_effect&quot;:{&quot;unit&quot;:&quot;px&quot;,&quot;size&quot;:&quot;&quot;,&quot;sizes&quot;:[]},&quot;_transform_translateX_effect_tablet&quot;:{&quot;unit&quot;:&quot;px&quot;,&quot;size&quot;:&quot;&quot;,&quot;sizes&quot;:[]},&quot;_transform_translateY_effect&quot;:{&quot;unit&quot;:&quot;px&quot;,&quot;size&quot;:&quot;&quot;,&quot;sizes&quot;:[]},&quot;_transform_translateY_effect_tablet&quot;:{&quot;unit&quot;:&quot;px&quot;,&quot;size&quot;:&quot;&quot;,&quot;sizes&quot;:[]},&quot;_transform_translateY_effect_mobile&quot;:{&quot;unit&quot;:&quot;px&quot;,&quot;size&quot;:&quot;&quot;,&quot;sizes&quot;:[]},&quot;_transform_scale_effect&quot;:{&quot;unit&quot;:&quot;px&quot;,&quot;size&quot;:&quot;&quot;,&quot;sizes&quot;:[]},&quot;_transform_scale_effect_tablet&quot;:{&quot;unit&quot;:&quot;px&quot;,&quot;size&quot;:&quot;&quot;,&quot;sizes&quot;:[]}}\" data-widget_type=\"image.default\">\n\t\t\t\t<div class=\"elementor-widget-container\">\n\t\t\t\t\t\t\t\t\t\t\t\t\t\t\t<img fetchpriority=\"high\" decoding=\"async\" width=\"1920\" height=\"486\" src=\"https:\/\/www.tenutacappellina.com\/eu\/wp-content\/uploads\/2022\/11\/Tenuta-Cappellina_tear.png\" class=\"attachment-full size-full wp-image-2269\" alt=\"\" srcset=\"https:\/\/www.tenutacappellina.com\/eu\/wp-content\/uploads\/2022\/11\/Tenuta-Cappellina_tear.png 1920w, https:\/\/www.tenutacappellina.com\/eu\/wp-content\/uploads\/2022\/11\/Tenuta-Cappellina_tear-300x76.png 300w, https:\/\/www.tenutacappellina.com\/eu\/wp-content\/uploads\/2022\/11\/Tenuta-Cappellina_tear-1024x259.png 1024w, https:\/\/www.tenutacappellina.com\/eu\/wp-content\/uploads\/2022\/11\/Tenuta-Cappellina_tear-768x194.png 768w, https:\/\/www.tenutacappellina.com\/eu\/wp-content\/uploads\/2022\/11\/Tenuta-Cappellina_tear-1536x389.png 1536w, https:\/\/www.tenutacappellina.com\/eu\/wp-content\/uploads\/2022\/11\/Tenuta-Cappellina_tear-100x25.png 100w\" sizes=\"(max-width: 1920px) 100vw, 1920px\" \/>\t\t\t\t\t\t\t\t\t\t\t\t\t\t\t<\/div>\n\t\t\t\t<\/div>\n\t\t\t\t\t<\/div>\n\t\t<\/div>\n\t\t\t\t\t<\/div>\n\t\t<\/section>\n\t\t\t\t<section class=\"elementor-section elementor-top-section elementor-element elementor-element-ecfa841 elementor-section-boxed elementor-section-height-default elementor-section-height-default\" data-id=\"ecfa841\" data-element_type=\"section\" data-e-type=\"section\">\n\t\t\t\t\t\t<div class=\"elementor-container elementor-column-gap-default\">\n\t\t\t\t\t<div class=\"elementor-column elementor-col-100 elementor-top-column elementor-element elementor-element-0a64106\" data-id=\"0a64106\" data-element_type=\"column\" data-e-type=\"column\" data-settings=\"{&quot;background_background&quot;:&quot;classic&quot;}\">\n\t\t\t<div class=\"elementor-widget-wrap elementor-element-populated\">\n\t\t\t\t\t\t<section class=\"elementor-section elementor-inner-section elementor-element elementor-element-47043cd elementor-section-content-middle elementor-section-boxed elementor-section-height-default elementor-section-height-default\" data-id=\"47043cd\" data-element_type=\"section\" data-e-type=\"section\">\n\t\t\t\t\t\t<div class=\"elementor-container elementor-column-gap-default\">\n\t\t\t\t\t<div class=\"elementor-column elementor-col-50 elementor-inner-column elementor-element elementor-element-25e7759\" data-id=\"25e7759\" data-element_type=\"column\" data-e-type=\"column\">\n\t\t\t<div class=\"elementor-widget-wrap elementor-element-populated\">\n\t\t\t\t\t\t<div class=\"elementor-element elementor-element-f0c63bb elementor-widget elementor-widget-heading\" data-id=\"f0c63bb\" data-element_type=\"widget\" data-e-type=\"widget\" data-widget_type=\"heading.default\">\n\t\t\t\t<div class=\"elementor-widget-container\">\n\t\t\t\t\t<h2 class=\"elementor-heading-title elementor-size-default\">ATILLIO PAGLI<\/h2>\t\t\t\t<\/div>\n\t\t\t\t<\/div>\n\t\t\t\t<div class=\"elementor-element elementor-element-dd5e1d3 elementor-widget elementor-widget-text-editor\" data-id=\"dd5e1d3\" data-element_type=\"widget\" data-e-type=\"widget\" data-widget_type=\"text-editor.default\">\n\t\t\t\t<div class=\"elementor-widget-container\">\n\t\t\t\t\t\t\t\t\t<p>Attilio is one of the world's most renowned consulting oenologists, working throughout Italy and South America. He is listed in Decanter magazine's list of the world's best winemakers.<\/p><p>As charming as the wines he creates, Atillio has a refreshing perspective on his work and a clear and consistent philosophy that has led him to create some of the world's famous 100-point wines.<\/p><p>\"I'm not a celebrity, I'm just someone who works in agriculture like everyone else, but I was lucky enough to have eyes, noses, and palates that can recognize a great wine.\"<\/p><p>The most important thing is the vineyard: it provides the vision and continuity. And that's why understanding and respect for the terroir is the most important quality for anyone who wants to do this work. The wine must be a testament to its origins and its connection to its terroir, which is the sum of the climate, soil, people, and culture of a particular area.<\/p><p>Grapes have unique personalities, and each one must be interpreted differently. My job is to destroy as little as possible of the raw materials nature provides me and to bring as much of the fruit's potential into the bottle as possible.<\/p><p>It's equally important to pay attention to the details, because every year it's the little things that make the difference between a good wine and a great one.\"<\/p>\t\t\t\t\t\t\t\t<\/div>\n\t\t\t\t<\/div>\n\t\t\t\t\t<\/div>\n\t\t<\/div>\n\t\t\t\t<div class=\"elementor-column elementor-col-50 elementor-inner-column elementor-element elementor-element-412ce0b\" data-id=\"412ce0b\" data-element_type=\"column\" data-e-type=\"column\">\n\t\t\t<div class=\"elementor-widget-wrap elementor-element-populated\">\n\t\t\t\t\t\t<div class=\"elementor-element elementor-element-2ec6f80 elementor-widget elementor-widget-image\" data-id=\"2ec6f80\" data-element_type=\"widget\" data-e-type=\"widget\" data-widget_type=\"image.default\">\n\t\t\t\t<div class=\"elementor-widget-container\">\n\t\t\t\t\t\t\t\t\t\t\t\t\t\t\t<img decoding=\"async\" width=\"1100\" height=\"1415\" src=\"https:\/\/www.tenutacappellina.com\/eu\/wp-content\/uploads\/2022\/11\/attiliobio-1.jpeg\" class=\"attachment-full size-full wp-image-1054\" alt=\"\" srcset=\"https:\/\/www.tenutacappellina.com\/eu\/wp-content\/uploads\/2022\/11\/attiliobio-1.jpeg 1100w, https:\/\/www.tenutacappellina.com\/eu\/wp-content\/uploads\/2022\/11\/attiliobio-1-100x129.jpeg 100w, https:\/\/www.tenutacappellina.com\/eu\/wp-content\/uploads\/2022\/11\/attiliobio-1-233x300.jpeg 233w, https:\/\/www.tenutacappellina.com\/eu\/wp-content\/uploads\/2022\/11\/attiliobio-1-796x1024.jpeg 796w, https:\/\/www.tenutacappellina.com\/eu\/wp-content\/uploads\/2022\/11\/attiliobio-1-768x988.jpeg 768w\" sizes=\"(max-width: 1100px) 100vw, 1100px\" \/>\t\t\t\t\t\t\t\t\t\t\t\t\t\t\t<\/div>\n\t\t\t\t<\/div>\n\t\t\t\t\t<\/div>\n\t\t<\/div>\n\t\t\t\t\t<\/div>\n\t\t<\/section>\n\t\t\t\t\t<\/div>\n\t\t<\/div>\n\t\t\t\t\t<\/div>\n\t\t<\/section>\n\t\t\t\t<section class=\"elementor-section elementor-top-section elementor-element elementor-element-ecd8202 elementor-hidden-mobile elementor-section-boxed elementor-section-height-default elementor-section-height-default\" data-id=\"ecd8202\" data-element_type=\"section\" data-e-type=\"section\" data-settings=\"{&quot;background_background&quot;:&quot;classic&quot;}\">\n\t\t\t\t\t\t<div class=\"elementor-container elementor-column-gap-default\">\n\t\t\t\t\t<div class=\"elementor-column elementor-col-100 elementor-top-column elementor-element elementor-element-d9e5776 elementor-hidden-mobile\" data-id=\"d9e5776\" data-element_type=\"column\" data-e-type=\"column\">\n\t\t\t<div class=\"elementor-widget-wrap elementor-element-populated\">\n\t\t\t\t\t\t<div class=\"elementor-element elementor-element-1ccfba1 e-transform e-transform elementor-hidden-mobile elementor-widget elementor-widget-image\" data-id=\"1ccfba1\" data-element_type=\"widget\" data-e-type=\"widget\" data-settings=\"{&quot;_transform_translateX_effect_mobile&quot;:{&quot;unit&quot;:&quot;%&quot;,&quot;size&quot;:50,&quot;sizes&quot;:[]},&quot;_transform_scale_effect_mobile&quot;:{&quot;unit&quot;:&quot;px&quot;,&quot;size&quot;:2,&quot;sizes&quot;:[]},&quot;_transform_translateX_effect&quot;:{&quot;unit&quot;:&quot;px&quot;,&quot;size&quot;:&quot;&quot;,&quot;sizes&quot;:[]},&quot;_transform_translateX_effect_tablet&quot;:{&quot;unit&quot;:&quot;px&quot;,&quot;size&quot;:&quot;&quot;,&quot;sizes&quot;:[]},&quot;_transform_translateY_effect&quot;:{&quot;unit&quot;:&quot;px&quot;,&quot;size&quot;:&quot;&quot;,&quot;sizes&quot;:[]},&quot;_transform_translateY_effect_tablet&quot;:{&quot;unit&quot;:&quot;px&quot;,&quot;size&quot;:&quot;&quot;,&quot;sizes&quot;:[]},&quot;_transform_translateY_effect_mobile&quot;:{&quot;unit&quot;:&quot;px&quot;,&quot;size&quot;:&quot;&quot;,&quot;sizes&quot;:[]},&quot;_transform_scale_effect&quot;:{&quot;unit&quot;:&quot;px&quot;,&quot;size&quot;:&quot;&quot;,&quot;sizes&quot;:[]},&quot;_transform_scale_effect_tablet&quot;:{&quot;unit&quot;:&quot;px&quot;,&quot;size&quot;:&quot;&quot;,&quot;sizes&quot;:[]}}\" data-widget_type=\"image.default\">\n\t\t\t\t<div class=\"elementor-widget-container\">\n\t\t\t\t\t\t\t\t\t\t\t\t\t\t\t<img fetchpriority=\"high\" decoding=\"async\" width=\"1920\" height=\"486\" src=\"https:\/\/www.tenutacappellina.com\/eu\/wp-content\/uploads\/2022\/11\/Tenuta-Cappellina_tear.png\" class=\"attachment-full size-full wp-image-2269\" alt=\"\" srcset=\"https:\/\/www.tenutacappellina.com\/eu\/wp-content\/uploads\/2022\/11\/Tenuta-Cappellina_tear.png 1920w, https:\/\/www.tenutacappellina.com\/eu\/wp-content\/uploads\/2022\/11\/Tenuta-Cappellina_tear-300x76.png 300w, https:\/\/www.tenutacappellina.com\/eu\/wp-content\/uploads\/2022\/11\/Tenuta-Cappellina_tear-1024x259.png 1024w, https:\/\/www.tenutacappellina.com\/eu\/wp-content\/uploads\/2022\/11\/Tenuta-Cappellina_tear-768x194.png 768w, https:\/\/www.tenutacappellina.com\/eu\/wp-content\/uploads\/2022\/11\/Tenuta-Cappellina_tear-1536x389.png 1536w, https:\/\/www.tenutacappellina.com\/eu\/wp-content\/uploads\/2022\/11\/Tenuta-Cappellina_tear-100x25.png 100w\" sizes=\"(max-width: 1920px) 100vw, 1920px\" \/>\t\t\t\t\t\t\t\t\t\t\t\t\t\t\t<\/div>\n\t\t\t\t<\/div>\n\t\t\t\t\t<\/div>\n\t\t<\/div>\n\t\t\t\t\t<\/div>\n\t\t<\/section>\n\t\t\t\t<section class=\"elementor-section elementor-top-section elementor-element elementor-element-5b12ef7 elementor-section-boxed elementor-section-height-default elementor-section-height-default\" data-id=\"5b12ef7\" data-element_type=\"section\" data-e-type=\"section\">\n\t\t\t\t\t\t<div class=\"elementor-container elementor-column-gap-default\">\n\t\t\t\t\t<div class=\"elementor-column elementor-col-100 elementor-top-column elementor-element elementor-element-c4ca1ce\" data-id=\"c4ca1ce\" data-element_type=\"column\" data-e-type=\"column\">\n\t\t\t<div class=\"elementor-widget-wrap elementor-element-populated\">\n\t\t\t\t\t\t<section class=\"elementor-section elementor-inner-section elementor-element elementor-element-d1afe9f elementor-section-content-middle elementor-reverse-mobile elementor-section-boxed elementor-section-height-default elementor-section-height-default\" data-id=\"d1afe9f\" data-element_type=\"section\" data-e-type=\"section\">\n\t\t\t\t\t\t<div class=\"elementor-container elementor-column-gap-default\">\n\t\t\t\t\t<div class=\"elementor-column elementor-col-50 elementor-inner-column elementor-element elementor-element-7ff5dbd\" data-id=\"7ff5dbd\" data-element_type=\"column\" data-e-type=\"column\">\n\t\t\t<div class=\"elementor-widget-wrap elementor-element-populated\">\n\t\t\t\t\t\t<div class=\"elementor-element elementor-element-565abda elementor-widget elementor-widget-image\" data-id=\"565abda\" data-element_type=\"widget\" data-e-type=\"widget\" data-widget_type=\"image.default\">\n\t\t\t\t<div class=\"elementor-widget-container\">\n\t\t\t\t\t\t\t\t\t\t\t\t\t\t\t<img decoding=\"async\" width=\"800\" height=\"594\" src=\"https:\/\/www.tenutacappellina.com\/eu\/wp-content\/uploads\/2022\/11\/alex-colour-1024x760.jpg\" class=\"attachment-large size-large wp-image-1168\" alt=\"Alex Burge\" srcset=\"https:\/\/www.tenutacappellina.com\/eu\/wp-content\/uploads\/2022\/11\/alex-colour-1024x760.jpg 1024w, https:\/\/www.tenutacappellina.com\/eu\/wp-content\/uploads\/2022\/11\/alex-colour-100x74.jpg 100w, https:\/\/www.tenutacappellina.com\/eu\/wp-content\/uploads\/2022\/11\/alex-colour-300x223.jpg 300w, https:\/\/www.tenutacappellina.com\/eu\/wp-content\/uploads\/2022\/11\/alex-colour-768x570.jpg 768w, https:\/\/www.tenutacappellina.com\/eu\/wp-content\/uploads\/2022\/11\/alex-colour.jpg 1280w\" sizes=\"(max-width: 800px) 100vw, 800px\" \/>\t\t\t\t\t\t\t\t\t\t\t\t\t\t\t<\/div>\n\t\t\t\t<\/div>\n\t\t\t\t\t<\/div>\n\t\t<\/div>\n\t\t\t\t<div class=\"elementor-column elementor-col-50 elementor-inner-column elementor-element elementor-element-6d45df2\" data-id=\"6d45df2\" data-element_type=\"column\" data-e-type=\"column\">\n\t\t\t<div class=\"elementor-widget-wrap elementor-element-populated\">\n\t\t\t\t\t\t<div class=\"elementor-element elementor-element-3850477 elementor-widget elementor-widget-heading\" data-id=\"3850477\" data-element_type=\"widget\" data-e-type=\"widget\" data-widget_type=\"heading.default\">\n\t\t\t\t<div class=\"elementor-widget-container\">\n\t\t\t\t\t<h2 class=\"elementor-heading-title elementor-size-default\">ALEX BURGE<\/h2>\t\t\t\t<\/div>\n\t\t\t\t<\/div>\n\t\t\t\t<div class=\"elementor-element elementor-element-08e0354 elementor-widget elementor-widget-text-editor\" data-id=\"08e0354\" data-element_type=\"widget\" data-e-type=\"widget\" data-widget_type=\"text-editor.default\">\n\t\t\t\t<div class=\"elementor-widget-container\">\n\t\t\t\t\t\t\t\t\t<p>Alex Burge is the Managing Director of Tenuta Cappellina and the man with the vision to transform Tenuta Cappellina into a sustainable, organic and award-winning winery. Alex is bilingual, speaking perfect Italian and English, which is not surprising considering he comes from English and Dutch parents who raised him in Sicily before returning to the UK to study at Cambridge.<\/p><p>\u00a0<\/p><p>His professional career then took him to Bordeaux, where he spent several years as a n\u00e9gociant in the wine industry, working with many of the leading wine brands, before returning to his native Italy to manage the sales and marketing departments in a number of well-known wineries.<\/p><p>\u00a0<\/p><p>Such a passion for wine ultimately leads to wanting to feel the grapes between your fingers and the opportunity to lead a new project was too irresistible for Alex, who has dedicated his life to the development of Tenuta Cappellina and its wines for the past ten years.<\/p>\t\t\t\t\t\t\t\t<\/div>\n\t\t\t\t<\/div>\n\t\t\t\t\t<\/div>\n\t\t<\/div>\n\t\t\t\t\t<\/div>\n\t\t<\/section>\n\t\t\t\t\t<\/div>\n\t\t<\/div>\n\t\t\t\t\t<\/div>\n\t\t<\/section>\n\t\t\t\t<\/div>","protected":false},"excerpt":{"rendered":"<p>UNSER TEAM ATILLIO PAGLI Attilio ist einer der renommiertesten beratenden \u00d6nologen der Welt und arbeitet in ganz Italien sowie in S\u00fcdamerika. Er wird in der Liste der weltbesten Winzer des Decanter Magazins aufgef\u00fchrt. So charmant wie die Weine, die er kreiert, hat Atillio eine erfrischende Sicht auf seine Arbeit und eine klare und konsequente Philosophie, [&hellip;]<\/p>\n","protected":false},"author":1,"featured_media":0,"parent":0,"menu_order":0,"comment_status":"closed","ping_status":"closed","template":"","meta":{"_acf_changed":false,"footnotes":""},"class_list":["post-818","page","type-page","status-publish","hentry"],"acf":[],"_links":{"self":[{"href":"https:\/\/www.tenutacappellina.com\/eu\/en\/wp-json\/wp\/v2\/pages\/818","targetHints":{"allow":["GET"]}}],"collection":[{"href":"https:\/\/www.tenutacappellina.com\/eu\/en\/wp-json\/wp\/v2\/pages"}],"about":[{"href":"https:\/\/www.tenutacappellina.com\/eu\/en\/wp-json\/wp\/v2\/types\/page"}],"author":[{"embeddable":true,"href":"https:\/\/www.tenutacappellina.com\/eu\/en\/wp-json\/wp\/v2\/users\/1"}],"replies":[{"embeddable":true,"href":"https:\/\/www.tenutacappellina.com\/eu\/en\/wp-json\/wp\/v2\/comments?post=818"}],"version-history":[{"count":94,"href":"https:\/\/www.tenutacappellina.com\/eu\/en\/wp-json\/wp\/v2\/pages\/818\/revisions"}],"predecessor-version":[{"id":3445,"href":"https:\/\/www.tenutacappellina.com\/eu\/en\/wp-json\/wp\/v2\/pages\/818\/revisions\/3445"}],"wp:attachment":[{"href":"https:\/\/www.tenutacappellina.com\/eu\/en\/wp-json\/wp\/v2\/media?parent=818"}],"curies":[{"name":"wp","href":"https:\/\/api.w.org\/{rel}","templated":true}]}}