{"id":812,"date":"2022-11-11T09:50:17","date_gmt":"2022-11-11T09:50:17","guid":{"rendered":"https:\/\/www.tenutacappellina.com\/eu\/?page_id=812"},"modified":"2023-07-25T12:32:25","modified_gmt":"2023-07-25T10:32:25","slug":"wine-tasting-experience","status":"publish","type":"page","link":"https:\/\/www.tenutacappellina.com\/eu\/en\/wine-tasting-experience\/","title":{"rendered":"Wine Tasting Experience"},"content":{"rendered":"<div data-elementor-type=\"wp-page\" data-elementor-id=\"812\" class=\"elementor elementor-812\" data-elementor-post-type=\"page\">\n\t\t\t\t\t\t<section class=\"elementor-section elementor-top-section elementor-element elementor-element-bca72f1 elementor-section-boxed elementor-section-height-default elementor-section-height-default\" data-id=\"bca72f1\" data-element_type=\"section\" data-e-type=\"section\">\n\t\t\t\t\t\t<div class=\"elementor-container elementor-column-gap-default\">\n\t\t\t\t\t<div class=\"elementor-column elementor-col-100 elementor-top-column elementor-element elementor-element-45e6b33\" data-id=\"45e6b33\" data-element_type=\"column\" data-e-type=\"column\">\n\t\t\t<div class=\"elementor-widget-wrap elementor-element-populated\">\n\t\t\t\t\t\t<section class=\"elementor-section elementor-inner-section elementor-element elementor-element-35dad72 elementor-section-boxed elementor-section-height-default elementor-section-height-default\" data-id=\"35dad72\" data-element_type=\"section\" data-e-type=\"section\" data-settings=\"{&quot;background_background&quot;:&quot;classic&quot;}\">\n\t\t\t\t\t\t\t<div class=\"elementor-background-overlay\"><\/div>\n\t\t\t\t\t\t\t<div class=\"elementor-container elementor-column-gap-default\">\n\t\t\t\t\t<div class=\"elementor-column elementor-col-100 elementor-inner-column elementor-element elementor-element-631c309\" data-id=\"631c309\" data-element_type=\"column\" data-e-type=\"column\">\n\t\t\t<div class=\"elementor-widget-wrap elementor-element-populated\">\n\t\t\t\t\t\t<div class=\"elementor-element elementor-element-d6e7069 elementor-widget elementor-widget-heading\" data-id=\"d6e7069\" data-element_type=\"widget\" data-e-type=\"widget\" data-widget_type=\"heading.default\">\n\t\t\t\t<div class=\"elementor-widget-container\">\n\t\t\t\t\t<h1 class=\"elementor-heading-title elementor-size-default\">BUCHEN SIE EINE WEINVERKOSTUNG<\/h1>\t\t\t\t<\/div>\n\t\t\t\t<\/div>\n\t\t\t\t\t<\/div>\n\t\t<\/div>\n\t\t\t\t\t<\/div>\n\t\t<\/section>\n\t\t\t\t\t<\/div>\n\t\t<\/div>\n\t\t\t\t\t<\/div>\n\t\t<\/section>\n\t\t\t\t<section class=\"elementor-section elementor-top-section elementor-element elementor-element-34a4913 elementor-hidden-mobile elementor-section-boxed elementor-section-height-default elementor-section-height-default\" data-id=\"34a4913\" data-element_type=\"section\" data-e-type=\"section\" data-settings=\"{&quot;background_background&quot;:&quot;classic&quot;}\">\n\t\t\t\t\t\t<div class=\"elementor-container elementor-column-gap-default\">\n\t\t\t\t\t<div class=\"elementor-column elementor-col-100 elementor-top-column elementor-element elementor-element-222f668 elementor-hidden-mobile\" data-id=\"222f668\" data-element_type=\"column\" data-e-type=\"column\">\n\t\t\t<div class=\"elementor-widget-wrap elementor-element-populated\">\n\t\t\t\t\t\t<div class=\"elementor-element elementor-element-665852e e-transform e-transform elementor-hidden-mobile e-transform elementor-widget elementor-widget-image\" data-id=\"665852e\" data-element_type=\"widget\" data-e-type=\"widget\" data-settings=\"{&quot;_transform_translateX_effect_mobile&quot;:{&quot;unit&quot;:&quot;%&quot;,&quot;size&quot;:50,&quot;sizes&quot;:[]},&quot;_transform_scale_effect_mobile&quot;:{&quot;unit&quot;:&quot;px&quot;,&quot;size&quot;:2,&quot;sizes&quot;:[]},&quot;_transform_flipY_effect&quot;:&quot;transform&quot;,&quot;_transform_translateX_effect&quot;:{&quot;unit&quot;:&quot;px&quot;,&quot;size&quot;:&quot;&quot;,&quot;sizes&quot;:[]},&quot;_transform_translateX_effect_tablet&quot;:{&quot;unit&quot;:&quot;px&quot;,&quot;size&quot;:&quot;&quot;,&quot;sizes&quot;:[]},&quot;_transform_translateY_effect&quot;:{&quot;unit&quot;:&quot;px&quot;,&quot;size&quot;:&quot;&quot;,&quot;sizes&quot;:[]},&quot;_transform_translateY_effect_tablet&quot;:{&quot;unit&quot;:&quot;px&quot;,&quot;size&quot;:&quot;&quot;,&quot;sizes&quot;:[]},&quot;_transform_translateY_effect_mobile&quot;:{&quot;unit&quot;:&quot;px&quot;,&quot;size&quot;:&quot;&quot;,&quot;sizes&quot;:[]},&quot;_transform_scale_effect&quot;:{&quot;unit&quot;:&quot;px&quot;,&quot;size&quot;:&quot;&quot;,&quot;sizes&quot;:[]},&quot;_transform_scale_effect_tablet&quot;:{&quot;unit&quot;:&quot;px&quot;,&quot;size&quot;:&quot;&quot;,&quot;sizes&quot;:[]}}\" data-widget_type=\"image.default\">\n\t\t\t\t<div class=\"elementor-widget-container\">\n\t\t\t\t\t\t\t\t\t\t\t\t\t\t\t<img fetchpriority=\"high\" decoding=\"async\" width=\"1920\" height=\"486\" src=\"https:\/\/www.tenutacappellina.com\/eu\/wp-content\/uploads\/2022\/11\/Tenuta-Cappellina_tear.png\" class=\"attachment-full size-full wp-image-2269\" alt=\"\" srcset=\"https:\/\/www.tenutacappellina.com\/eu\/wp-content\/uploads\/2022\/11\/Tenuta-Cappellina_tear.png 1920w, https:\/\/www.tenutacappellina.com\/eu\/wp-content\/uploads\/2022\/11\/Tenuta-Cappellina_tear-300x76.png 300w, https:\/\/www.tenutacappellina.com\/eu\/wp-content\/uploads\/2022\/11\/Tenuta-Cappellina_tear-1024x259.png 1024w, https:\/\/www.tenutacappellina.com\/eu\/wp-content\/uploads\/2022\/11\/Tenuta-Cappellina_tear-768x194.png 768w, https:\/\/www.tenutacappellina.com\/eu\/wp-content\/uploads\/2022\/11\/Tenuta-Cappellina_tear-1536x389.png 1536w, https:\/\/www.tenutacappellina.com\/eu\/wp-content\/uploads\/2022\/11\/Tenuta-Cappellina_tear-100x25.png 100w\" sizes=\"(max-width: 1920px) 100vw, 1920px\" \/>\t\t\t\t\t\t\t\t\t\t\t\t\t\t\t<\/div>\n\t\t\t\t<\/div>\n\t\t\t\t\t<\/div>\n\t\t<\/div>\n\t\t\t\t\t<\/div>\n\t\t<\/section>\n\t\t\t\t<section class=\"elementor-section elementor-top-section elementor-element elementor-element-382e36e elementor-section-boxed elementor-section-height-default elementor-section-height-default\" data-id=\"382e36e\" data-element_type=\"section\" data-e-type=\"section\" data-settings=\"{&quot;background_background&quot;:&quot;classic&quot;}\">\n\t\t\t\t\t\t<div class=\"elementor-container elementor-column-gap-default\">\n\t\t\t\t\t<div class=\"elementor-column elementor-col-100 elementor-top-column elementor-element elementor-element-ff091ea\" data-id=\"ff091ea\" data-element_type=\"column\" data-e-type=\"column\" data-settings=\"{&quot;background_background&quot;:&quot;classic&quot;}\">\n\t\t\t<div class=\"elementor-widget-wrap elementor-element-populated\">\n\t\t\t\t\t\t<section class=\"elementor-section elementor-inner-section elementor-element elementor-element-8787548 elementor-section-content-middle elementor-section-boxed elementor-section-height-default elementor-section-height-default\" data-id=\"8787548\" data-element_type=\"section\" data-e-type=\"section\" data-settings=\"{&quot;background_background&quot;:&quot;classic&quot;}\">\n\t\t\t\t\t\t<div class=\"elementor-container elementor-column-gap-default\">\n\t\t\t\t\t<div class=\"elementor-column elementor-col-50 elementor-inner-column elementor-element elementor-element-0debe4e\" data-id=\"0debe4e\" data-element_type=\"column\" data-e-type=\"column\">\n\t\t\t<div class=\"elementor-widget-wrap elementor-element-populated\">\n\t\t\t\t\t\t<div class=\"elementor-element elementor-element-5d7413a elementor-widget__width-inherit elementor-widget elementor-widget-heading\" data-id=\"5d7413a\" data-element_type=\"widget\" data-e-type=\"widget\" data-widget_type=\"heading.default\">\n\t\t\t\t<div class=\"elementor-widget-container\">\n\t\t\t\t\t<h2 class=\"elementor-heading-title elementor-size-default\">WINE TASTING<\/h2>\t\t\t\t<\/div>\n\t\t\t\t<\/div>\n\t\t\t\t<div class=\"elementor-element elementor-element-45222e2 elementor-widget__width-inherit elementor-widget elementor-widget-text-editor\" data-id=\"45222e2\" data-element_type=\"widget\" data-e-type=\"widget\" data-widget_type=\"text-editor.default\">\n\t\t\t\t<div class=\"elementor-widget-container\">\n\t\t\t\t\t\t\t\t\t<p>If you really want to understand what goes into every bottle of Tenuta Cappellina wine, you should attend a wine tasting.<\/p><p>The tour of Tenuta Cappellina begins at the most important part of the entire estate: the vineyard. During the tour, we'll tell you about the history of the winery, the cultivation methods, and the grape varieties we cultivate here. During a visit to the wine cellar, you'll learn how the wine is produced and how it ages. Finally, in the elegant wine shop, we'll guide you through a wine and olive oil tasting.<\/p><p><strong>\u00a0<\/strong><\/p><p>We offer wine tours for both locals and visitors and also organize private group tours for events, conferences or weddings.<\/p>\t\t\t\t\t\t\t\t<\/div>\n\t\t\t\t<\/div>\n\t\t\t\t<div class=\"elementor-element elementor-element-44d06d7 elementor-widget__width-inherit elementor-widget elementor-widget-text-editor\" data-id=\"44d06d7\" data-element_type=\"widget\" data-e-type=\"widget\" data-widget_type=\"text-editor.default\">\n\t\t\t\t<div class=\"elementor-widget-container\">\n\t\t\t\t\t\t\t\t\t<p>To book a wine tour, send an email <a href=\"mailto:winetours@tenutacappellina.com\">mailto:winetours@tenutacappellina.com<\/a><\/p>\t\t\t\t\t\t\t\t<\/div>\n\t\t\t\t<\/div>\n\t\t\t\t\t<\/div>\n\t\t<\/div>\n\t\t\t\t<div class=\"elementor-column elementor-col-50 elementor-inner-column elementor-element elementor-element-ba08f9b\" data-id=\"ba08f9b\" data-element_type=\"column\" data-e-type=\"column\">\n\t\t\t<div class=\"elementor-widget-wrap elementor-element-populated\">\n\t\t\t\t\t\t<div class=\"elementor-element elementor-element-ca98f4b elementor-widget elementor-widget-image\" data-id=\"ca98f4b\" data-element_type=\"widget\" data-e-type=\"widget\" data-widget_type=\"image.default\">\n\t\t\t\t<div class=\"elementor-widget-container\">\n\t\t\t\t\t\t\t\t\t\t\t\t\t\t\t<img decoding=\"async\" width=\"2560\" height=\"1707\" src=\"https:\/\/www.tenutacappellina.com\/eu\/wp-content\/uploads\/2022\/11\/Cappellina-9-scaled.jpg\" class=\"attachment-full size-full wp-image-905\" alt=\"Tenuta Cappellina Wine Tour Vineyard\" srcset=\"https:\/\/www.tenutacappellina.com\/eu\/wp-content\/uploads\/2022\/11\/Cappellina-9-scaled.jpg 2560w, https:\/\/www.tenutacappellina.com\/eu\/wp-content\/uploads\/2022\/11\/Cappellina-9-scaled-100x67.jpg 100w, https:\/\/www.tenutacappellina.com\/eu\/wp-content\/uploads\/2022\/11\/Cappellina-9-300x200.jpg 300w, https:\/\/www.tenutacappellina.com\/eu\/wp-content\/uploads\/2022\/11\/Cappellina-9-1024x683.jpg 1024w, https:\/\/www.tenutacappellina.com\/eu\/wp-content\/uploads\/2022\/11\/Cappellina-9-768x512.jpg 768w, https:\/\/www.tenutacappellina.com\/eu\/wp-content\/uploads\/2022\/11\/Cappellina-9-1536x1024.jpg 1536w, https:\/\/www.tenutacappellina.com\/eu\/wp-content\/uploads\/2022\/11\/Cappellina-9-2048x1365.jpg 2048w\" sizes=\"(max-width: 2560px) 100vw, 2560px\" \/>\t\t\t\t\t\t\t\t\t\t\t\t\t\t\t<\/div>\n\t\t\t\t<\/div>\n\t\t\t\t<div class=\"elementor-element elementor-element-dab3368 elementor-hidden-desktop elementor-hidden-mobile elementor-widget elementor-widget-image\" data-id=\"dab3368\" data-element_type=\"widget\" data-e-type=\"widget\" data-widget_type=\"image.default\">\n\t\t\t\t<div class=\"elementor-widget-container\">\n\t\t\t\t\t\t\t\t\t\t\t\t\t\t\t<img decoding=\"async\" width=\"2560\" height=\"1920\" src=\"https:\/\/www.tenutacappellina.com\/eu\/wp-content\/uploads\/2022\/11\/Unknown-scaled.jpeg\" class=\"attachment-full size-full wp-image-894\" alt=\"Wine Tasting Experience Group\" srcset=\"https:\/\/www.tenutacappellina.com\/eu\/wp-content\/uploads\/2022\/11\/Unknown-scaled.jpeg 2560w, https:\/\/www.tenutacappellina.com\/eu\/wp-content\/uploads\/2022\/11\/Unknown-scaled-100x75.jpeg 100w, https:\/\/www.tenutacappellina.com\/eu\/wp-content\/uploads\/2022\/11\/Unknown-300x225.jpeg 300w, https:\/\/www.tenutacappellina.com\/eu\/wp-content\/uploads\/2022\/11\/Unknown-1024x768.jpeg 1024w, https:\/\/www.tenutacappellina.com\/eu\/wp-content\/uploads\/2022\/11\/Unknown-768x576.jpeg 768w, https:\/\/www.tenutacappellina.com\/eu\/wp-content\/uploads\/2022\/11\/Unknown-1536x1152.jpeg 1536w, https:\/\/www.tenutacappellina.com\/eu\/wp-content\/uploads\/2022\/11\/Unknown-2048x1536.jpeg 2048w\" sizes=\"(max-width: 2560px) 100vw, 2560px\" \/>\t\t\t\t\t\t\t\t\t\t\t\t\t\t\t<\/div>\n\t\t\t\t<\/div>\n\t\t\t\t\t<\/div>\n\t\t<\/div>\n\t\t\t\t\t<\/div>\n\t\t<\/section>\n\t\t\t\t\t<\/div>\n\t\t<\/div>\n\t\t\t\t\t<\/div>\n\t\t<\/section>\n\t\t\t\t<\/div>","protected":false},"excerpt":{"rendered":"<p>BUCHEN SIE EINE WEINVERKOSTUNG WEINVERKOSTUNG Wenn Sie wirklich verstehen m\u00f6chten, was in jeder Flasche Wein Tenuta Cappellina enthalten ist, sollten Sie an einer Weinverkostung teilnehmen. Die F\u00fchrung durch die Tenuta Cappellina beginnt am wichtigsten Ort des gesamten Anwesens: dem Weinberg. W\u00e4hrend der Tour erz\u00e4hlen wir Ihnen von der Geschichte des Weinguts, dem Anbau und den [&hellip;]<\/p>\n","protected":false},"author":1,"featured_media":0,"parent":0,"menu_order":0,"comment_status":"closed","ping_status":"closed","template":"","meta":{"_acf_changed":false,"footnotes":""},"class_list":["post-812","page","type-page","status-publish","hentry"],"acf":[],"_links":{"self":[{"href":"https:\/\/www.tenutacappellina.com\/eu\/en\/wp-json\/wp\/v2\/pages\/812","targetHints":{"allow":["GET"]}}],"collection":[{"href":"https:\/\/www.tenutacappellina.com\/eu\/en\/wp-json\/wp\/v2\/pages"}],"about":[{"href":"https:\/\/www.tenutacappellina.com\/eu\/en\/wp-json\/wp\/v2\/types\/page"}],"author":[{"embeddable":true,"href":"https:\/\/www.tenutacappellina.com\/eu\/en\/wp-json\/wp\/v2\/users\/1"}],"replies":[{"embeddable":true,"href":"https:\/\/www.tenutacappellina.com\/eu\/en\/wp-json\/wp\/v2\/comments?post=812"}],"version-history":[{"count":139,"href":"https:\/\/www.tenutacappellina.com\/eu\/en\/wp-json\/wp\/v2\/pages\/812\/revisions"}],"predecessor-version":[{"id":3422,"href":"https:\/\/www.tenutacappellina.com\/eu\/en\/wp-json\/wp\/v2\/pages\/812\/revisions\/3422"}],"wp:attachment":[{"href":"https:\/\/www.tenutacappellina.com\/eu\/en\/wp-json\/wp\/v2\/media?parent=812"}],"curies":[{"name":"wp","href":"https:\/\/api.w.org\/{rel}","templated":true}]}}